{"id":12795,"date":"2011-01-25T05:10:24","date_gmt":"2011-01-25T05:10:24","guid":{"rendered":"https:\/\/www.armenianchurch.ca\/histoire"},"modified":"2011-01-25T05:10:24","modified_gmt":"2011-01-25T05:10:24","slug":"histoire","status":"publish","type":"page","link":"https:\/\/armenianchurch.ca\/fr\/notre-eglise\/histoire","title":{"rendered":"HISTOIRE"},"content":{"rendered":"<p><strong> <\/strong> <img fetchpriority=\"high\" decoding=\"async\" class=\"alignnone size-full wp-image-843\" title=\"CH1\" src=\"http:\/\/armenianchurch.ca\/wp-content\/uploads\/2011\/02\/CH1.jpg\" alt=\"\" width=\"690\" height=\"100\" \/><\/p>\n<ul>\n<li><span style=\"font-size: medium;\"><strong><span style=\"color: #800000;\"><span style=\"font-size: small;\"><a href=\"#La p\u00e9riode pr\u00e9chr\u00e9tienne\">La p\u00e9riode pr\u00e9chr\u00e9tienne<\/a><\/span><\/span><\/strong><\/span><\/li>\n<li><span style=\"font-size: medium;\"><strong><span style=\"color: #800000;\"><span style=\"font-size: small;\"><a href=\"#Le christianisme comme religion d\u2019Etat\">Le christianisme comme religion d\u2019Etat<\/a><\/span><\/span><\/strong><\/span><\/li>\n<li><span style=\"font-size: medium;\"><strong><span style=\"color: #800000;\"><span style=\"font-size: small;\"><a href=\"#Le d\u00e9clin politique et la reprise spirituelle\">Le d\u00e9clin politique et la reprise spirituelle<\/a><\/span><\/span><\/strong><\/span><\/li>\n<li><span style=\"font-size: medium;\"><strong><span style=\"color: #800000;\"><span style=\"font-size: small;\"><a href=\"#La sainte \u00e9glise apostolique arm\u00e9nienne\">La sainte \u00e9glise apostolique arm\u00e9nienne<\/a><\/span><\/span><\/strong><\/span><\/li>\n<li><span style=\"font-size: medium;\"><strong><span style=\"color: #800000;\"><span style=\"font-size: small;\"><a href=\"#La structure de l\u2019\u00c9glise arm\u00e9nienne\">La structure de l\u2019\u00c9glise arm\u00e9nienne<\/a><\/span><\/span><\/strong><\/span><\/li>\n<\/ul>\n<p style=\"text-align: justify;\"><strong><span style=\"font-size: small;\"><span style=\"color: #800080;\"><a name=\"La p\u00e9riode pr\u00e9chr\u00e9tienne\"><\/a>La p\u00e9riode pr\u00e9chr\u00e9tienne<\/span><\/span><\/strong><\/p>\n<p style=\"text-align: justify;\"><strong> <\/strong>La plus ancienne mention d\u2019un \u00c9tat arm\u00e9nien est pr\u00e9sente sur l\u2019inscription rupestre se trouvant au nord de l\u2019Iran. Cette inscription pr\u00e9sente l\u2019Arm\u00e9nie dans la liste des pays conquis par le roi de Perse Darius le Grand (522-485). Les Hayks ou les Arm\u00e9niens vivaient sur le plateau arm\u00e9nien, autour du lac Van et de le mont Ararat. Les Urartiens (1000-600) \u00e9taient les anc\u00eatres des Arm\u00e9niens comme les Bretons pour les Anglais et les Gaulois pour les Fran\u00e7ais. La forteresse \u00c9r\u00e9bouni construite en 782 av. J.-C. est la pr\u00e9d\u00e9cesseur d\u2019\u00c9r\u00e9van, la capitale actuelle de l\u2019Arm\u00e9nie.<\/p>\n<p style=\"text-align: justify;\">L\u2019histoire du Royaume d\u2019Arm\u00e9nie commence vers 401 av. J.-C., avec la dynastie royale des Yervandounis. Le Royaume atteint son apog\u00e9e durant le r\u00e8gne de Tigran II (95-55), le Rois de rois de la dynastie Artaxiade, qui a \u00e9largi les fronti\u00e8res de son empire de la mer Noire jusqu\u2019\u00e0 la mer Caspienne, de la mer M\u00e9diterran\u00e9e jusqu\u2019au d\u00e9sert d\u2019Arabie.<\/p>\n<p style=\"text-align: justify;\"><span style=\"font-size: small;\"><span style=\"color: #800080;\"><strong><a name=\"Le christianisme comme religion d\u2019Etat\"><\/a>Le christianisme comme religion d\u2019Etat <\/strong><\/span><\/span><\/p>\n<p style=\"text-align: justify;\">Le moment o\u00f9 le Royaume d\u2019Arm\u00e9nie \u00e9tait \u00e0 son d\u00e9clin et qu\u2019il devint la pomme de discorde entre les empires romain et persan, deux des ap\u00f4tres de J\u00e9sus, Thadd\u00e9e et Bartholom\u00e9e sont venue en Arm\u00e9nie pour pr\u00eacher la Parole du Seigneur. Durant les trois si\u00e8cles suivants, les communaut\u00e9s chr\u00e9tiennes en Arm\u00e9nie ont eu une pr\u00e9sence secr\u00e8te. Quand en 301, le roi Tiridate III (287-330) a \u00e9t\u00e9 miraculeusement gu\u00e9ri d\u2019une horrible maladie par son serviteur chr\u00e9tien Gr\u00e9goire le Parthe, le roi s\u2019est converti et il a d\u00e9clar\u00e9 le christianisme comme religion officielle de l\u2019Arm\u00e9nie. En 2001, les Arm\u00e9niens du monde entier ont c\u00e9l\u00e9br\u00e9 le 1700<sup>e<\/sup> anniversaire de cet \u00e9v\u00e9nement.<\/p>\n<p style=\"text-align: justify;\">La premi\u00e8re \u00e9glise arm\u00e9nienne a \u00e9t\u00e9 construite \u00e0 Etchmiadzine (qui signifie la descente du Fils Monog\u00e8ne) et Saint Gr\u00e9goire l\u2019Illuminateur devint le premier patriarche-catholicos de l\u2019\u00c9glise arm\u00e9nienne. Le catholicos actuel Kar\u00e9kine II r\u00e9sidant \u00e0 Etchmiadzine en Arm\u00e9nie est le 132<sup>e<\/sup> successeur de Saint Gr\u00e9goire l\u2019Illuminateur.<\/p>\n<p style=\"text-align: justify;\"><a name=\"Le d\u00e9clin politique et la reprise spirituelle\"><\/a><strong><span style=\"font-size: small;\"><span style=\"color: #800080;\">Le d\u00e9clin politique et la reprise spirituelle<\/span><\/span><\/strong><\/p>\n<p style=\"text-align: justify;\">En 428, l\u2019Arm\u00e9nie perdit sa souverainet\u00e9 et fut divis\u00e9e entre les empires byzantin et perse. La foi chr\u00e9tienne en Arm\u00e9nie \u00e9tait en danger, quand en 451, le roi de Perse Yazdgard II a voulu forcer les Arm\u00e9niens \u00e0 se convertir au Mazd\u00e9isme, afin de pouvoir les assimiler facilement. Dans la plaine d\u2019Avarayr, \u00a0pr\u00e8s de Nakhitchevan, les Arm\u00e9niens guid\u00e9s par leur chef militaire Vartan Mamikonian ont livr\u00e9 une bataille contre la puissante arm\u00e9e perse. M\u00eame s\u2019ils ont perdu cette bataille, les troupes arm\u00e9niennes ont continu\u00e9 la guerre et apr\u00e8s trente ans de lutte ont r\u00e9ussi \u00e0 \u00e9carter le danger de conversion et d\u2019assimilation. Par la suite, Vartan et ses soldats ont \u00e9t\u00e9 canonis\u00e9s par l\u2019\u00c9glise arm\u00e9nienne et jusqu\u2019\u00e0 aujourd\u2019hui, leur m\u00e9moire est v\u00e9n\u00e9r\u00e9e. Dans la conscience nationale, ils demeurent comme martyrs de la foi chr\u00e9tienne et de la libert\u00e9 de la nation arm\u00e9nienne. Le sacrifice de Vartan a servi d\u2019exemple pour encourager les Arm\u00e9niens durant diff\u00e9rentes p\u00e9riodes difficiles de l\u2019histoire d\u2019Arm\u00e9nie.<\/p>\n<p style=\"text-align: justify;\">L\u2019invention de l\u2019alphabet arm\u00e9nien par le moine arm\u00e9nien Mesrob Machdots en 406 a favoris\u00e9 la cr\u00e9ation de la litt\u00e9rature arm\u00e9nienne. Cela a enrichi l\u2019h\u00e9ritage culturel et a fortifi\u00e9 l\u2019identit\u00e9 nationale du peuple arm\u00e9nien. Avec la cr\u00e9ation de l\u2019alphabet, la Bible a \u00e9t\u00e9 traduite en arm\u00e9nien (cette traduction a \u00e9t\u00e9 caract\u00e9ris\u00e9e comme \u00abReine des traductions\u00bb). Les services religieux ont commenc\u00e9 \u00e0 \u00eatre c\u00e9l\u00e9br\u00e9s en arm\u00e9nien. Les grands \u0153uvres des philosophes, des historiens et des auteurs anciens ont \u00e9t\u00e9 \u00e9galement traduites en arm\u00e9nien et les monast\u00e8res sont devenus des centres d\u2019\u00e9ducation. Cette p\u00e9riode est appel\u00e9e\u00a0 l\u2019Age d\u2019or de la culture arm\u00e9nienne.<\/p>\n<p style=\"text-align: justify;\">Durant les si\u00e8cles suivants, dans les royaumes arm\u00e9niens, sur le plateau arm\u00e9nien ou dans le royaume des Roub\u00e9nides en Cilicie, au carrefour des empires de Byzance et de Perse, des gouverneurs arabes, des envahisseurs mongols et turcs, l\u2019\u00c9glise et la culture arm\u00e9niennes se sont \u00e9panouies et ont beaucoup contribu\u00e9 \u00e0 l\u2019h\u00e9ritage culturelle de l\u2019humanit\u00e9. N\u00e9anmoins, \u00e0 c\u00f4t\u00e9 de l\u2019h\u00e9ritage des Saints Traducteurs et de g\u00e9ants intellectuels comme Movses Khorenatsi (historien du V<sup>e<\/sup> s.), David l\u2019Invincible (philosophe du VI<sup>e <\/sup> s.), Anania Chirakatsi (math\u00e9maticien et g\u00e9ographe du VI<sup>e <\/sup> s.), Grigor Narekatsi (moine et po\u00e8te du\u00a0 X<sup>e <\/sup> s.), Nerses Chnorhali (catholicos et po\u00e8te du\u00a0 XI<sup>e <\/sup> s.), les \u0153uvres de beaucoup d\u2019auteurs arm\u00e9niens ont p\u00e9ri dans cet \u00e8re de t\u00e9n\u00e8bres. Plus de 24.000 manuscrits arm\u00e9niens sont conserv\u00e9s dans les biblioth\u00e8ques, dans les mus\u00e9es ou dans les collections priv\u00e9es du monde entier (10.000 d\u2019entre eux se trouvent actuellement au Mat\u00e9nadaran d\u2019\u00c9r\u00e9van). Des milliers de monast\u00e8res et d\u2019\u00e9glises, majoritairement en ruines, dispers\u00e9s en Arm\u00e9nie et en Cilicie t\u00e9moignent silencieusement de la culture glorieuse et de la permanence de la foi chr\u00e9tienne en Arm\u00e9nie.<\/p>\n<p style=\"text-align: justify;\"><a name=\"La sainte \u00e9glise apostolique arm\u00e9nienne\"><\/a><strong><span style=\"font-size: small;\"><span style=\"color: #800080;\">La sainte \u00e9glise apostolique arm\u00e9nienne<\/span><\/span><\/strong><\/p>\n<p style=\"text-align: justify;\"><strong> <\/strong>L\u2019\u00c9glise arm\u00e9nienne a adopt\u00e9 les dogmes des trois premiers conciles \u0153cum\u00e9niques de Nic\u00e9e (325), de Constantinople (381) et d\u2019Eph\u00e8se (431), mais elle a rejet\u00e9 les d\u00e9cisions du concile de Calc\u00e9doine (451) et les conciles qui l\u2019ont suivi. L\u2019\u00c9glise arm\u00e9nienne a refus\u00e9 la s\u00e9paration de la personne du Christ en deux natures et elle a adopt\u00e9 la d\u00e9finition th\u00e9ologique \u00abUne nature unie en Dieu Incarn\u00e9\u00bb, mettant ainsi l\u2019accent sur l\u2019union des deux natures humaine et divine, et non pas sur la s\u00e9paration de la personne du Christ en deux natures. Par cette approche christologique, l\u2019\u00c9glise arm\u00e9nienne se distingue de l\u2019\u00c9glise byzantine et de l\u2019\u00c9glise romaine, tout en gardant son originalit\u00e9 et son ind\u00e9pendance. Les \u00e9glises copte, \u00e9thiopienne, malabar indienne et syriaque jacobite rejettent \u00e9galement la doctrine de Chalc\u00e9doine et, avec l\u2019\u00c9glise arm\u00e9nienne, forment ensemble la famille des \u00e9glises orthodoxes orientales. Entre 1915 et 1923 l\u2019\u00c9glise et la nation arm\u00e9niennes ont subi le G\u00e9nocide en Arm\u00e9nie Occidentale et en Cilicie. Plus tard, en Arm\u00e9nie Orientale, les pers\u00e9cutions des communistes ath\u00e9es ont \u00e9galement affaibli l\u2019\u00c9glise arm\u00e9nienne. Actuellement, comme la d\u00e9fenseure de la langue et de la culture arm\u00e9niennes, l\u2019\u00c9glise arm\u00e9nienne fait face aux nouveaux d\u00e9fis en Arm\u00e9nie ind\u00e9pendante, mais \u00e9conomiquement faible et dans la diaspora arm\u00e9nienne.<\/p>\n<p style=\"text-align: justify;\"><a name=\"La structure de l\u2019\u00c9glise arm\u00e9nienne\"><\/a><strong><span style=\"font-size: small;\"><span style=\"color: #800080;\">La structure de l\u2019\u00c9glise arm\u00e9nienne<\/span><\/span><\/strong><\/p>\n<p style=\"text-align: justify;\">Le Saint Si\u00e8ge d\u2019Etchmiadzine, pr\u00e8s d\u2019\u00c9r\u00e9van, la capitale de l\u2019Arm\u00e9nie, est le centre spirituel de l\u2019\u00c9glise apostolique arm\u00e9nienne.<\/p>\n<p style=\"text-align: justify;\">Le si\u00e8ge du Catholicosat de Cilicie \u00e9tait historiquement situ\u00e9 pr\u00e8s de Sis, au sud de la Turquie et suite au G\u00e9nocide, il a \u00e9t\u00e9 install\u00e9 \u00e0 Ant\u00e9lias, pr\u00e8s de Beyrouth, la capital du Liban. Il avait initialement sous sa juridiction les dioc\u00e8ses arm\u00e9niens du Liban, de la Syrie et de Chypre.<\/p>\n<p style=\"text-align: justify;\">Le Patriarcat arm\u00e9nien de J\u00e9rusalem a \u00e9t\u00e9 \u00e9tabli en 669 et il a sous sa juridiction les \u00e9glises se trouvant en Isra\u00ebl, en Palestine et en Jordanie. Il est le gardien des lieux saints et des tr\u00e9sors arm\u00e9niens de J\u00e9rusalem et de Bethl\u00e9em.<\/p>\n<p style=\"text-align: justify;\">Le Patriarcat arm\u00e9nien de Constantinople a \u00e9t\u00e9 \u00e9tabli en 1461 et il a sous sa juridiction les communaut\u00e9s arm\u00e9niennes apostoliques de Turquie.<\/p>\n<p style=\"text-align: justify;\">Les communaut\u00e9s des arm\u00e9niens apostoliques du monde entier sont organis\u00e9es en dioc\u00e8ses et se trouvent sous la juridiction du Saint Si\u00e8ge d\u2019Etchmiadzine.<\/p>\n","protected":false},"excerpt":{"rendered":"<p>La p\u00e9riode pr\u00e9chr\u00e9tienne Le christianisme comme religion d\u2019Etat Le d\u00e9clin politique et la reprise spirituelle La sainte \u00e9glise apostolique arm\u00e9nienne La structure de l\u2019\u00c9glise arm\u00e9nienne La p\u00e9riode pr\u00e9chr\u00e9tienne La plus ancienne mention d\u2019un \u00c9tat arm\u00e9nien est pr\u00e9sente sur l\u2019inscription rupestre se trouvant au nord de l\u2019Iran. Cette inscription pr\u00e9sente l\u2019Arm\u00e9nie dans la liste des pays [&hellip;]<\/p>\n","protected":false},"author":4,"featured_media":0,"parent":12758,"menu_order":0,"comment_status":"open","ping_status":"open","template":"","meta":{"give_campaign_id":0,"footnotes":""},"class_list":["post-12795","page","type-page","status-publish","hentry"],"aioseo_notices":[],"campaignId":"","_links":{"self":[{"href":"https:\/\/armenianchurch.ca\/fr\/wp-json\/wp\/v2\/pages\/12795","targetHints":{"allow":["GET"]}}],"collection":[{"href":"https:\/\/armenianchurch.ca\/fr\/wp-json\/wp\/v2\/pages"}],"about":[{"href":"https:\/\/armenianchurch.ca\/fr\/wp-json\/wp\/v2\/types\/page"}],"author":[{"embeddable":true,"href":"https:\/\/armenianchurch.ca\/fr\/wp-json\/wp\/v2\/users\/4"}],"replies":[{"embeddable":true,"href":"https:\/\/armenianchurch.ca\/fr\/wp-json\/wp\/v2\/comments?post=12795"}],"version-history":[{"count":0,"href":"https:\/\/armenianchurch.ca\/fr\/wp-json\/wp\/v2\/pages\/12795\/revisions"}],"up":[{"embeddable":true,"href":"https:\/\/armenianchurch.ca\/fr\/wp-json\/wp\/v2\/pages\/12758"}],"wp:attachment":[{"href":"https:\/\/armenianchurch.ca\/fr\/wp-json\/wp\/v2\/media?parent=12795"}],"curies":[{"name":"wp","href":"https:\/\/api.w.org\/{rel}","templated":true}]}}