{"id":12854,"date":"2011-02-14T15:56:50","date_gmt":"2011-02-14T15:56:50","guid":{"rendered":"https:\/\/www.armenianchurch.ca\/ajeac"},"modified":"2011-02-14T15:56:50","modified_gmt":"2011-02-14T15:56:50","slug":"ajeac","status":"publish","type":"page","link":"https:\/\/armenianchurch.ca\/fr\/ajeac","title":{"rendered":"AJEAC"},"content":{"rendered":"<p><strong><span style=\"font-size: small;\"><span style=\"color: #800000;\">ASSOCIATION DES JEUNES DE L&rsquo;\u00c9GLISE ARM\u00c9NIENNE DU CANADA (AJEAC)<\/span><\/span><\/strong><\/p>\n<p style=\"text-align: justify;\">\u00a0\u00a0\u00a0\u00a0\u00a0 La cr\u00e9ation des branches de l\u2019Association des jeunes de l&rsquo;\u00c9glise arm\u00e9nienne du Canada (AJEAC), a insuffl\u00e9 une nouvelle vague de motivation et a renforc\u00e9 la conscience communautaire aupr\u00e8s de jeunes arm\u00e9niens de ce pays. Cela constitue \u00e9galement une nouvelle opportunit\u00e9 pour beaucoup de jeunes de connaitre mieux l\u2019\u00c9glise arm\u00e9nienne, son histoire, sa vie liturgique et de s\u2019initier \u00e0 sa beaut\u00e9 spirituelle. Aujourd&rsquo;hui, on peut facilement trouver des membres de conseil paroissial, des d\u00e9l\u00e9gu\u00e9s dioc\u00e9sains, des membres de l\u2019Association des dames de paroisses, des diacres, des chefs de ch\u0153ur, des choristes et des professeurs d&rsquo;\u00e9cole du dimanche qui \u00e9taient ou qui sont toujours membres de l\u2019AJEAC.<\/p>\n<p style=\"text-align: justify;\">\u00a0\u00a0\u00a0\u00a0\u00a0\u00a0 Les 12 et 13 janvier 1946,\u00a0 l\u2019Association des jeunes de l&rsquo;\u00c9glise arm\u00e9nienne de l\u2019Am\u00e9rique (AJEAA), en anglais Armenian Church Youth Organization of America (A.C.Y.O.A.), a \u00e9t\u00e9 form\u00e9e par une <em>assembl\u00e9e fondatrice<\/em> tenue \u00e0 Providence au Rhode Island. Le fondateur et l\u2019inspirateur de cette association de jeunes \u00e9tait l\u2019ancien Primat de l&rsquo;\u00c9glise arm\u00e9nienne en Am\u00e9rique du Nord, Son \u00c9minence l\u2019archev\u00eaque Tiran Nersoyan.<\/p>\n<p style=\"text-align: justify;\">\u00a0\u00a0\u00a0\u00a0\u00a0\u00a0 L\u2019ancien archev\u00eaque Tiran Nersoyan, un grand homme religieux, a fait tout pour cr\u00e9er un esprit de solidarit\u00e9 et apporter des objectifs clairs aux jeunes. C\u2019est par une d\u00e9votion d\u00e9sint\u00e9ress\u00e9e qu\u2019il a relev\u00e9 cet \u00e9norme d\u00e9fi de soutenir les jeunes dans leur qu\u00eate spirituelle et intellectuelle. Les rangs de l\u2019AJEAA se sont rapidement accrus et le r\u00eave de l\u2019archev\u00eaque Nersoyan de pr\u00e9server une pr\u00e9sence active des jeunes dans l\u2019\u00c9glise arm\u00e9nienne s\u2019est r\u00e9alis\u00e9 petit \u00e0 petit. \u00c9tant sous la juridiction du dioc\u00e8se de l\u2019Am\u00e9rique du Nord, les jeunes arm\u00e9niens du Canada ont activement particip\u00e9 aux activit\u00e9s de cette association.<\/p>\n<p style=\"text-align: justify;\">\u00a0\u00a0\u00a0\u00a0\u00a0 La premi\u00e8re branche canadienne a \u00e9t\u00e9 fond\u00e9e \u00e0 Toronto en 1954. Un peu plus tard d&rsquo;autres branches canadiennes ont \u00e9t\u00e9 fond\u00e9es \u00e0 Montr\u00e9al en 1958 et \u00e0 Saint Catharines en 1962. L\u2019Assembl\u00e9e g\u00e9n\u00e9rale de l\u2019AJEAA (A.C.Y.O.A) a tenu trois cessions au Canada, dont deux cessions \u00e0 Toronto et une \u00e0 Montr\u00e9al. \u00c0 cette m\u00eame occasion, sur le sol canadien, les Fins de semaines sportives <a class=\"aGdB7a88V3 yO2Mzk2epz\" style=\"z-index: 2147483647;\" title=\"Click to Continue &gt; by netutils\" href=\"#93995974\"> Sports<img decoding=\"async\" src=\"http:\/\/cdncache-a.akamaihd.net\/items\/it\/img\/arrow-10x10.png\" \/><\/a> Weekend) ont \u00e9t\u00e9 organis\u00e9 deux fois. En 1984, le dioc\u00e8se du Canada de l&rsquo;\u00c9glise arm\u00e9nienne a fond\u00e9 un organisme de jeunes arm\u00e9niens, ind\u00e9pendant des\u00a0 dioc\u00e8ses de l\u2019\u00c9glise arm\u00e9nienne des \u00c9tats-Unis.<\/p>\n<p style=\"text-align: justify;\">\u00a0\u00a0\u00a0\u00a0\u00a0 Apr\u00e8s son \u00e9lection au si\u00e8ge de Primat du dioc\u00e8se de l\u2019\u00c9glise arm\u00e9nienne du Canada, l\u2019archev\u00eaque Vazken K\u00e9chichian a expos\u00e9 ses vifs souhaits de fonder une association des jeunes de l&rsquo;\u00c9glise arm\u00e9nienne dans le dioc\u00e8se nouvellement cr\u00e9\u00e9. Le 22 mai 1988, il a nomm\u00e9 un comit\u00e9 consultatif du Primat pour la jeunesse dont le but \u00e9tait la fondation et l\u2019organisation de l\u2019Association des jeunes de l&rsquo;\u00c9glise arm\u00e9nienne du Canada. Avec la nomination\u00a0 du Tr\u00e8s R\u00e9v\u00e9rend P\u00e8re Hovnan Derderian comme responsable du comit\u00e9 pour la jeunesse, ce comit\u00e9 est devenu le premier conseil central de l\u2019AJEAC. Le 28 mai 1988 s\u2019est tenue une premi\u00e8re assembl\u00e9e pr\u00e9sid\u00e9e par Son \u00c9minence l\u2019archev\u00eaque Vazken K\u00e9chichian. Durant cette assembl\u00e9e et avec l\u2019active participation des jeunes de Toronto et de Saint Catharines, sur la base de la constitution de l\u2019AJEAA, a \u00e9tabli la constitution d\u2019AJEAC et il a \u00e9t\u00e9 d\u00e9cid\u00e9 d\u2019ouvrir des branches locales dans les autres paroisses.<\/p>\n<p style=\"text-align: justify;\">\u00a0\u00a0\u00a0\u00a0 Du 18 au 20 juin 1988, \u00e0 l\u2019\u00e9glise de la Sainte-Trinit\u00e9 de Toronto a eu lieu la premi\u00e8re Assembl\u00e9e g\u00e9n\u00e9rale d\u2019AJEAC, pr\u00e9sid\u00e9e par l\u2019archev\u00eaque Vazken K\u00e9chichian. Les d\u00e9l\u00e9gu\u00e9s provenant de Toronto, de Montr\u00e9al, de Saint Catharines et de Vancouver ont fermement d\u00e9cid\u00e9 de consolider la fondation de cette nouvelle association. Jusqu\u2019\u00e0 la fin de l\u2019ann\u00e9e 1988 les autres branches ont \u00e9t\u00e9 cr\u00e9\u00e9es, et le nombre des membres des sections locales de l\u2019AJEAC a consid\u00e9rablement augment\u00e9. Lorsqu\u2019aujourd\u2019hui nous jetons un regard r\u00e9trospectif sur l\u2019histoire de l\u2019Association des jeunes de l\u2019\u00c9glise arm\u00e9nienne de l\u2019Am\u00e9rique du Nord, nous observons dans quelle mesure ce mouvement a jou\u00e9 un r\u00f4le<a class=\"aGdB7a88V3 yO2Mzk2epz\" style=\"z-index: 2147483647;\" title=\"Click to Continue &gt; by netutils\" href=\"#18037889\"> important<img decoding=\"async\" src=\"http:\/\/cdncache-a.akamaihd.net\/items\/it\/img\/arrow-10x10.png\" \/><\/a> dans la consolidation et le renforcement de la communaut\u00e9 arm\u00e9nienne.<\/p>\n","protected":false},"excerpt":{"rendered":"<p>ASSOCIATION DES JEUNES DE L&rsquo;\u00c9GLISE ARM\u00c9NIENNE DU CANADA (AJEAC) \u00a0\u00a0\u00a0\u00a0\u00a0 La cr\u00e9ation des branches de l\u2019Association des jeunes de l&rsquo;\u00c9glise arm\u00e9nienne du Canada (AJEAC), a insuffl\u00e9 une nouvelle vague de motivation et a renforc\u00e9 la conscience communautaire aupr\u00e8s de jeunes arm\u00e9niens de ce pays. Cela constitue \u00e9galement une nouvelle opportunit\u00e9 pour beaucoup de jeunes de [&hellip;]<\/p>\n","protected":false},"author":4,"featured_media":0,"parent":0,"menu_order":0,"comment_status":"open","ping_status":"open","template":"elementor_header_footer","meta":{"give_campaign_id":0,"footnotes":""},"class_list":["post-12854","page","type-page","status-publish","hentry"],"aioseo_notices":[],"campaignId":"","_links":{"self":[{"href":"https:\/\/armenianchurch.ca\/fr\/wp-json\/wp\/v2\/pages\/12854","targetHints":{"allow":["GET"]}}],"collection":[{"href":"https:\/\/armenianchurch.ca\/fr\/wp-json\/wp\/v2\/pages"}],"about":[{"href":"https:\/\/armenianchurch.ca\/fr\/wp-json\/wp\/v2\/types\/page"}],"author":[{"embeddable":true,"href":"https:\/\/armenianchurch.ca\/fr\/wp-json\/wp\/v2\/users\/4"}],"replies":[{"embeddable":true,"href":"https:\/\/armenianchurch.ca\/fr\/wp-json\/wp\/v2\/comments?post=12854"}],"version-history":[{"count":0,"href":"https:\/\/armenianchurch.ca\/fr\/wp-json\/wp\/v2\/pages\/12854\/revisions"}],"wp:attachment":[{"href":"https:\/\/armenianchurch.ca\/fr\/wp-json\/wp\/v2\/media?parent=12854"}],"curies":[{"name":"wp","href":"https:\/\/api.w.org\/{rel}","templated":true}]}}