{"id":12885,"date":"2011-02-14T22:57:53","date_gmt":"2011-02-14T22:57:53","guid":{"rendered":"https:\/\/www.armenianchurch.ca\/the-nicean-creed"},"modified":"2011-02-14T22:57:53","modified_gmt":"2011-02-14T22:57:53","slug":"the-nicean-creed","status":"publish","type":"page","link":"https:\/\/armenianchurch.ca\/fr\/the-nicean-creed","title":{"rendered":"THE NICEAN CREED"},"content":{"rendered":"<p style=\"text-align: justify;\">Nous croyons en un seul Dieu P\u00e8re tout-puissant, cr\u00e9ateur du ciel et de la terre, de toutes les choses visibles et invisibles.<\/p>\n<p style=\"text-align: justify;\">Nous croyons en un seul Seigneur, J\u00e9sus-Christ, le Fils unique de Dieu, n\u00e9 du P\u00e8re, Monog\u00e8ne, de la m\u00eame nature du P\u00e8re. Lumi\u00e8re issue de la Lumi\u00e8re, vrai Dieu issu du vrai Dieu, engendr\u00e9 et non cr\u00e9\u00e9, consubstantiel au P\u00e8re et par qui toutes les choses ont \u00e9t\u00e9 faites, visibles et invisibles ; qui pour nous les hommes et pour notre salut, est descendu du Ciel, s\u2019est incarn\u00e9, s\u2019est fait homme, est n\u00e9 de la sainte Vierge Marie et du Saint Esprit. Il a pris chair, esprit et intelligence et tout ce qui est \u00e0 l\u2019homme, d\u2019une mani\u00e8re r\u00e9elle et non pas apparente. Il a souffert, il a \u00e9t\u00e9 crucifi\u00e9, il a \u00e9t\u00e9 mis au tombeau et il est ressuscit\u00e9 des morts le troisi\u00e8me jour; il est mont\u00e9 au Ciel o\u00f9 il si\u00e8ge \u00e0 la droite du P\u00e8re. De l\u00e0, en ce m\u00eame corps il reviendra dans la gloire du P\u00e8re pour juger les vivants et les morts, et son r\u00e8gne n&rsquo;aura pas de fin.<\/p>\n<p style=\"text-align: justify;\">Nous croyons en l&rsquo;Esprit-Saint, qui n\u2019a pas \u00e9t\u00e9 cr\u00e9\u00e9 et qui est parfait ; qui a parl\u00e9 par les Lois, par les Proph\u00e8tes et par les \u00c9vangiles ; qui est descendu au Jourdain, a pr\u00each\u00e9 aux ap\u00f4tres et a habit\u00e9 dans les saints.<br \/>\nNous croyons en l\u2019\u00c9glise, une, sainte, universelle et apostolique, en un seul bapt\u00eame, en la p\u00e9nitence, en l\u2019absolution, en la r\u00e9mission des p\u00e9ch\u00e9s, en la r\u00e9surrection des morts, au jugement \u00e9ternel des \u00e2mes et des corps, au Royaume C\u00e9leste et en la vie \u00e9ternelle. Amen !<\/p>\n","protected":false},"excerpt":{"rendered":"<p>Nous croyons en un seul Dieu P\u00e8re tout-puissant, cr\u00e9ateur du ciel et de la terre, de toutes les choses visibles et invisibles. Nous croyons en un seul Seigneur, J\u00e9sus-Christ, le Fils unique de Dieu, n\u00e9 du P\u00e8re, Monog\u00e8ne, de la m\u00eame nature du P\u00e8re. Lumi\u00e8re issue de la Lumi\u00e8re, vrai Dieu issu du vrai Dieu, [&hellip;]<\/p>\n","protected":false},"author":4,"featured_media":0,"parent":0,"menu_order":0,"comment_status":"open","ping_status":"open","template":"","meta":{"give_campaign_id":0,"footnotes":""},"class_list":["post-12885","page","type-page","status-publish","hentry"],"aioseo_notices":[],"campaignId":"","_links":{"self":[{"href":"https:\/\/armenianchurch.ca\/fr\/wp-json\/wp\/v2\/pages\/12885","targetHints":{"allow":["GET"]}}],"collection":[{"href":"https:\/\/armenianchurch.ca\/fr\/wp-json\/wp\/v2\/pages"}],"about":[{"href":"https:\/\/armenianchurch.ca\/fr\/wp-json\/wp\/v2\/types\/page"}],"author":[{"embeddable":true,"href":"https:\/\/armenianchurch.ca\/fr\/wp-json\/wp\/v2\/users\/4"}],"replies":[{"embeddable":true,"href":"https:\/\/armenianchurch.ca\/fr\/wp-json\/wp\/v2\/comments?post=12885"}],"version-history":[{"count":0,"href":"https:\/\/armenianchurch.ca\/fr\/wp-json\/wp\/v2\/pages\/12885\/revisions"}],"wp:attachment":[{"href":"https:\/\/armenianchurch.ca\/fr\/wp-json\/wp\/v2\/media?parent=12885"}],"curies":[{"name":"wp","href":"https:\/\/api.w.org\/{rel}","templated":true}]}}