{"id":12951,"date":"2017-01-30T12:33:55","date_gmt":"2017-01-30T17:33:55","guid":{"rendered":"https:\/\/www.armenianchurch.ca\/conseil-dadministration"},"modified":"2021-06-02T19:32:00","modified_gmt":"2021-06-02T19:32:00","slug":"conseil-dadministration","status":"publish","type":"page","link":"https:\/\/armenianchurch.ca\/fr\/diocese-du-canada\/conseil-dadministration","title":{"rendered":"CONSEIL D&rsquo;ADMINISTRATION"},"content":{"rendered":"<p style=\"text-align: justify;\"><em>Le Conseil d&rsquo;administration dioc\u00e9sain, ayant le Primat en tant que Pr\u00e9sident, est compos\u00e9 de membres \u00e9lus de toute paroisse du dioc\u00e8se et approuv\u00e9s par Sa Saintet\u00e9 le Catholicos de tous les Arm\u00e9niens.<\/em><\/p>\n<p style=\"text-align: justify;\"><em>Le Conseil exerce la surveillance et le contr\u00f4le exclusif sur tous les biens immobiliers ou les droits de propri\u00e9t\u00e9 dans l&rsquo;immobilier utilis\u00e9 comme un lieu de culte ou \u00e0 toute autre fin par une paroisse ou une organisation fonctionnant sous la juridiction du Dioc\u00e8se.<\/em><\/p>\n<p><strong>Membres du Conseil d&rsquo;administration<\/strong><br \/>\nSa Gr\u00e2ce l\u2019\u00c9v\u00eaque Abgar Hovakimyan<br \/>\nM. Jean-Philippe Tachdjian &#8211; Pr\u00e9sident<br \/>\nDr. Arshavir Gundjian, C.M.<br \/>\nM. Jirayr Dolar<br \/>\nM. Jack Stepanian<br \/>\nM. Parsekh Kassardjian<br \/>\nM. Madat Mamourian<br \/>\nM. Hirant Citak<br \/>\nM. Albert Amato<br \/>\nM. Hagop Seraydarian<\/p>\n","protected":false},"excerpt":{"rendered":"<p>Le Conseil d&rsquo;administration dioc\u00e9sain, ayant le Primat en tant que Pr\u00e9sident, est compos\u00e9 de membres \u00e9lus de toute paroisse du dioc\u00e8se et approuv\u00e9s par Sa Saintet\u00e9 le Catholicos de tous les Arm\u00e9niens. Le Conseil exerce la surveillance et le contr\u00f4le exclusif sur tous les biens immobiliers ou les droits de propri\u00e9t\u00e9 dans l&rsquo;immobilier utilis\u00e9 comme [&hellip;]<\/p>\n","protected":false},"author":4,"featured_media":0,"parent":12954,"menu_order":0,"comment_status":"closed","ping_status":"closed","template":"","meta":{"give_campaign_id":0,"footnotes":""},"class_list":["post-12951","page","type-page","status-publish","hentry"],"aioseo_notices":[],"campaignId":"","_links":{"self":[{"href":"https:\/\/armenianchurch.ca\/fr\/wp-json\/wp\/v2\/pages\/12951","targetHints":{"allow":["GET"]}}],"collection":[{"href":"https:\/\/armenianchurch.ca\/fr\/wp-json\/wp\/v2\/pages"}],"about":[{"href":"https:\/\/armenianchurch.ca\/fr\/wp-json\/wp\/v2\/types\/page"}],"author":[{"embeddable":true,"href":"https:\/\/armenianchurch.ca\/fr\/wp-json\/wp\/v2\/users\/4"}],"replies":[{"embeddable":true,"href":"https:\/\/armenianchurch.ca\/fr\/wp-json\/wp\/v2\/comments?post=12951"}],"version-history":[{"count":3,"href":"https:\/\/armenianchurch.ca\/fr\/wp-json\/wp\/v2\/pages\/12951\/revisions"}],"predecessor-version":[{"id":21359,"href":"https:\/\/armenianchurch.ca\/fr\/wp-json\/wp\/v2\/pages\/12951\/revisions\/21359"}],"up":[{"embeddable":true,"href":"https:\/\/armenianchurch.ca\/fr\/wp-json\/wp\/v2\/pages\/12954"}],"wp:attachment":[{"href":"https:\/\/armenianchurch.ca\/fr\/wp-json\/wp\/v2\/media?parent=12951"}],"curies":[{"name":"wp","href":"https:\/\/api.w.org\/{rel}","templated":true}]}}