{"id":12957,"date":"2017-02-16T12:45:26","date_gmt":"2017-02-16T17:45:26","guid":{"rendered":"https:\/\/www.armenianchurch.ca\/clerge"},"modified":"2023-07-31T18:22:25","modified_gmt":"2023-07-31T18:22:25","slug":"clerge","status":"publish","type":"page","link":"https:\/\/armenianchurch.ca\/fr\/diocese-du-canada\/clerge","title":{"rendered":"CLERG\u00c9"},"content":{"rendered":"\t\t<div data-elementor-type=\"wp-page\" data-elementor-id=\"12957\" class=\"elementor elementor-12957 elementor-7881\">\n\t\t\t\t\t\t<section class=\"elementor-section elementor-top-section elementor-element elementor-element-a5acac4 elementor-section-boxed elementor-section-height-default elementor-section-height-default\" data-id=\"a5acac4\" data-element_type=\"section\" data-e-type=\"section\">\n\t\t\t\t\t\t<div class=\"elementor-container elementor-column-gap-default\">\n\t\t\t\t\t<div class=\"elementor-column elementor-col-100 elementor-top-column elementor-element elementor-element-fae627a\" data-id=\"fae627a\" data-element_type=\"column\" data-e-type=\"column\">\n\t\t\t<div class=\"elementor-widget-wrap elementor-element-populated\">\n\t\t\t\t\t\t<div class=\"elementor-element elementor-element-45db2e3 sf-heading--decor-image elementor-widget elementor-widget-sf-heading\" data-id=\"45db2e3\" data-element_type=\"widget\" data-e-type=\"widget\" data-widget_type=\"sf-heading.default\">\n\t\t\t\t<div class=\"elementor-widget-container\">\n\t\t\t\t\t        <div class=\"sf-heading\">\n                                    <h2 class=\"sf-heading__title\">CLERG\u00c9<\/h2>                        <div class=\"sf-heading__bottom\"><img decoding=\"async\" src=\"https:\/\/www.armenianchurch.ca\/wp-content\/uploads\/2019\/11\/Jesus1.svg\" alt=\"heading decoration\"><\/div>        <\/div>\n        \t\t\t\t<\/div>\n\t\t\t\t<\/div>\n\t\t\t\t\t<\/div>\n\t\t<\/div>\n\t\t\t\t\t<\/div>\n\t\t<\/section>\n\t\t\t\t<section class=\"elementor-section elementor-top-section elementor-element elementor-element-c25f046 elementor-section-boxed elementor-section-height-default elementor-section-height-default\" data-id=\"c25f046\" data-element_type=\"section\" data-e-type=\"section\">\n\t\t\t\t\t\t<div class=\"elementor-container elementor-column-gap-default\">\n\t\t\t\t\t<div class=\"elementor-column elementor-col-100 elementor-top-column elementor-element elementor-element-b6e7eb7\" data-id=\"b6e7eb7\" data-element_type=\"column\" data-e-type=\"column\">\n\t\t\t<div class=\"elementor-widget-wrap elementor-element-populated\">\n\t\t\t\t\t\t<div class=\"elementor-element elementor-element-4fb9267 sf-team-member--style-default sf-align-center elementor-widget elementor-widget-sf-team-members\" data-id=\"4fb9267\" data-element_type=\"widget\" data-e-type=\"widget\" data-widget_type=\"sf-team-members.default\">\n\t\t\t\t<div class=\"elementor-widget-container\">\n\t\t\t\t\t\t\t<div class=\"sf-team-members\">\n\t\t\t<div class=\"clearfix\">\n            <div class=\"row\"\/>                                    <div class=\"col-lg-4 col-md-4 col-12\">\n                    \t                    \t\t\t<div class=\"sf-team-member\">\n\t\t\t<div class=\"sf-team-member__inner\">\n\t\t\t\t\t\t\t\t\t<div class=\"sf-team-member__image\">\n\t\t\t\t\t\t<a href=\"https:\/\/www.armenianchurch.ca\/en\/diocese\/clergymen\">\n\t\t\t\t\t\t\t<img fetchpriority=\"high\" decoding=\"async\" width=\"900\" height=\"1247\" src=\"https:\/\/armenianchurch.ca\/wp-content\/uploads\/2023\/03\/Rev.-Fr.-Zareh-Zargarian.jpg\" class=\"attachment-full size-full\" alt=\"\" srcset=\"https:\/\/armenianchurch.ca\/wp-content\/uploads\/2023\/03\/Rev.-Fr.-Zareh-Zargarian.jpg 900w, https:\/\/armenianchurch.ca\/wp-content\/uploads\/2023\/03\/Rev.-Fr.-Zareh-Zargarian-217x300.jpg 217w, https:\/\/armenianchurch.ca\/wp-content\/uploads\/2023\/03\/Rev.-Fr.-Zareh-Zargarian-739x1024.jpg 739w, https:\/\/armenianchurch.ca\/wp-content\/uploads\/2023\/03\/Rev.-Fr.-Zareh-Zargarian-768x1064.jpg 768w, https:\/\/armenianchurch.ca\/wp-content\/uploads\/2023\/03\/Rev.-Fr.-Zareh-Zargarian-540x748.jpg 540w, https:\/\/armenianchurch.ca\/wp-content\/uploads\/2023\/03\/Rev.-Fr.-Zareh-Zargarian-860x1192.jpg 860w\" sizes=\"(max-width: 900px) 100vw, 900px\" \/>\t\t\t\t\t\t<\/a>\n\t\t\t\t\t<\/div>\n\t\t\t\t\t\t\t\t<div class=\"sf-team-member__content\">\n\t\t\t\t\t<h4 class=\"sf-team-member__name\">\n\t\t\t\t\t\t\t\t\t\t\t\t<a href=\"https:\/\/www.armenianchurch.ca\/en\/diocese\/clergymen\" >R\u00e9v. Archipr\u00eatre Zareh Zargarian <\/a>\n\t\t\t\t\t\t\t\t\t\t\t<\/h4>\n\t\t\t\t\t<p class=\"sf-team-member__position\">\n\t\t\t\t\t\t<span>Vicaire du Dioc\u00e8se \/ Cur\u00e9 de la paroisse<\/span>\n\t\t\t\t\t<\/p>\n\t\t\t\t\t\n\t\t\t\t\t\t\t\t\t\t\t\t\t\t\t\t<p class=\"sf-team-member__desc\">L\u2019\u00c9glise arm\u00e9nienne de la Sainte-Trinit\u00e9 de TORONTO<\/p>\n\t\t\t\t\t\t\t\t\t\t\n\t\t\t\t\t\t\t\t\t\t\t\t\t\t\t        <ul class=\"sf-team-member__social\">\n                                                                                        <\/ul>\n        \t\t\t\t\t\t\t\t\t<\/div>\n\t\t\t<\/div>\n\t\t<\/div>\n\t\t                    <\/div>\n               \t                    <div class=\"col-lg-4 col-md-4 col-12\">\n                    \t                    \t\t\t<div class=\"sf-team-member\">\n\t\t\t<div class=\"sf-team-member__inner\">\n\t\t\t\t\t\t\t\t\t<div class=\"sf-team-member__image\">\n\t\t\t\t\t\t<a href=\"https:\/\/www.armenianchurch.ca\/en\/diocese\/clergymen\">\n\t\t\t\t\t\t\t<img decoding=\"async\" width=\"900\" height=\"1247\" src=\"https:\/\/armenianchurch.ca\/wp-content\/uploads\/2019\/11\/Rev.-Archpriest-Keghart-Garabedian-1.jpg\" class=\"attachment-full size-full\" alt=\"\" srcset=\"https:\/\/armenianchurch.ca\/wp-content\/uploads\/2019\/11\/Rev.-Archpriest-Keghart-Garabedian-1.jpg 900w, https:\/\/armenianchurch.ca\/wp-content\/uploads\/2019\/11\/Rev.-Archpriest-Keghart-Garabedian-1-217x300.jpg 217w, https:\/\/armenianchurch.ca\/wp-content\/uploads\/2019\/11\/Rev.-Archpriest-Keghart-Garabedian-1-739x1024.jpg 739w, https:\/\/armenianchurch.ca\/wp-content\/uploads\/2019\/11\/Rev.-Archpriest-Keghart-Garabedian-1-768x1064.jpg 768w\" sizes=\"(max-width: 900px) 100vw, 900px\" \/>\t\t\t\t\t\t<\/a>\n\t\t\t\t\t<\/div>\n\t\t\t\t\t\t\t\t<div class=\"sf-team-member__content\">\n\t\t\t\t\t<h4 class=\"sf-team-member__name\">\n\t\t\t\t\t\t\t\t\t\t\t\t<a href=\"https:\/\/www.armenianchurch.ca\/en\/diocese\/clergymen\" >R\u00e9v. Archipr\u00eatre KEGHART GARABEDIAN<\/a>\n\t\t\t\t\t\t\t\t\t\t\t<\/h4>\n\t\t\t\t\t<p class=\"sf-team-member__position\">\n\t\t\t\t\t\t<span>Cur\u00e9 de la paroisse<\/span>\n\t\t\t\t\t<\/p>\n\t\t\t\t\t\n\t\t\t\t\t\t\t\t\t\t\t\t\t\t\t\t<p class=\"sf-team-member__desc\">L\u2019\u00c9glise arm\u00e9nienne Saint-Vartan de VANCOUVER<\/p>\n\t\t\t\t\t\t\t\t\t\t\n\t\t\t\t\t\t\t\t\t\t\t\t\t\t\t        <ul class=\"sf-team-member__social\">\n                                                                                        <\/ul>\n        \t\t\t\t\t\t\t\t\t<\/div>\n\t\t\t<\/div>\n\t\t<\/div>\n\t\t                    <\/div>\n               \t                    <div class=\"col-lg-4 col-md-4 col-12\">\n                    \t                    \t\t\t<div class=\"sf-team-member\">\n\t\t\t<div class=\"sf-team-member__inner\">\n\t\t\t\t\t\t\t\t\t<div class=\"sf-team-member__image\">\n\t\t\t\t\t\t<a href=\"https:\/\/www.armenianchurch.ca\/en\/diocese\/clergymen\">\n\t\t\t\t\t\t\t<img decoding=\"async\" width=\"900\" height=\"1247\" src=\"https:\/\/armenianchurch.ca\/wp-content\/uploads\/2019\/11\/Rev.-Fr.-Komitas-Mirzakhanyan.jpg\" class=\"attachment-full size-full\" alt=\"\" srcset=\"https:\/\/armenianchurch.ca\/wp-content\/uploads\/2019\/11\/Rev.-Fr.-Komitas-Mirzakhanyan.jpg 900w, https:\/\/armenianchurch.ca\/wp-content\/uploads\/2019\/11\/Rev.-Fr.-Komitas-Mirzakhanyan-217x300.jpg 217w, https:\/\/armenianchurch.ca\/wp-content\/uploads\/2019\/11\/Rev.-Fr.-Komitas-Mirzakhanyan-739x1024.jpg 739w, https:\/\/armenianchurch.ca\/wp-content\/uploads\/2019\/11\/Rev.-Fr.-Komitas-Mirzakhanyan-768x1064.jpg 768w\" sizes=\"(max-width: 900px) 100vw, 900px\" \/>\t\t\t\t\t\t<\/a>\n\t\t\t\t\t<\/div>\n\t\t\t\t\t\t\t\t<div class=\"sf-team-member__content\">\n\t\t\t\t\t<h4 class=\"sf-team-member__name\">\n\t\t\t\t\t\t\t\t\t\t\t\t<a href=\"https:\/\/www.armenianchurch.ca\/en\/diocese\/clergymen\" >R\u00e9v. P\u00e8re KOMITAS MIRZAKHANYAN<\/a>\n\t\t\t\t\t\t\t\t\t\t\t<\/h4>\n\t\t\t\t\t<p class=\"sf-team-member__position\">\n\t\t\t\t\t\t<span>Cur\u00e9 de la paroisse<\/span>\n\t\t\t\t\t<\/p>\n\t\t\t\t\t\n\t\t\t\t\t\t\t\t\t\t\t\t\t\t\t\t<p class=\"sf-team-member__desc\">L\u2019\u00c9glise arm\u00e9nienne Sainte-Croix de Laval<\/p>\n\t\t\t\t\t\t\t\t\t\t\n\t\t\t\t\t\t\t\t\t\t\t\t\t\t\t        <ul class=\"sf-team-member__social\">\n                                                                                        <\/ul>\n        \t\t\t\t\t\t\t\t\t<\/div>\n\t\t\t<\/div>\n\t\t<\/div>\n\t\t                    <\/div>\n               \t                <\/div>\n            \t\t\t<\/div>\n\t\t<\/div>\n\t\t\t\t\t<\/div>\n\t\t\t\t<\/div>\n\t\t\t\t<div class=\"elementor-element elementor-element-46dfc57 sf-team-member--style-default sf-align-center elementor-widget elementor-widget-sf-team-members\" data-id=\"46dfc57\" data-element_type=\"widget\" data-e-type=\"widget\" data-widget_type=\"sf-team-members.default\">\n\t\t\t\t<div class=\"elementor-widget-container\">\n\t\t\t\t\t\t\t<div class=\"sf-team-members\">\n\t\t\t<div class=\"clearfix\">\n            <div class=\"row\"\/>                                    <div class=\"col-lg-4 col-md-3 col-12\">\n                    \t                    \t\t\t<div class=\"sf-team-member\">\n\t\t\t<div class=\"sf-team-member__inner\">\n\t\t\t\t\t\t\t\t\t<div class=\"sf-team-member__image\">\n\t\t\t\t\t\t<a href=\"https:\/\/www.armenianchurch.ca\/en\/diocese\/clergymen\">\n\t\t\t\t\t\t\t<img loading=\"lazy\" decoding=\"async\" width=\"900\" height=\"1247\" src=\"https:\/\/armenianchurch.ca\/wp-content\/uploads\/2019\/11\/Rev.-Fr.-Myron-Sargsyan.jpg\" class=\"attachment-full size-full\" alt=\"\" srcset=\"https:\/\/armenianchurch.ca\/wp-content\/uploads\/2019\/11\/Rev.-Fr.-Myron-Sargsyan.jpg 900w, https:\/\/armenianchurch.ca\/wp-content\/uploads\/2019\/11\/Rev.-Fr.-Myron-Sargsyan-217x300.jpg 217w, https:\/\/armenianchurch.ca\/wp-content\/uploads\/2019\/11\/Rev.-Fr.-Myron-Sargsyan-739x1024.jpg 739w, https:\/\/armenianchurch.ca\/wp-content\/uploads\/2019\/11\/Rev.-Fr.-Myron-Sargsyan-768x1064.jpg 768w\" sizes=\"(max-width: 900px) 100vw, 900px\" \/>\t\t\t\t\t\t<\/a>\n\t\t\t\t\t<\/div>\n\t\t\t\t\t\t\t\t<div class=\"sf-team-member__content\">\n\t\t\t\t\t<h4 class=\"sf-team-member__name\">\n\t\t\t\t\t\t\t\t\t\t\t\t<a href=\"https:\/\/www.armenianchurch.ca\/en\/diocese\/clergymen\" >R\u00e9v. P\u00e8re MYRON SARGSYAN<\/a>\n\t\t\t\t\t\t\t\t\t\t\t<\/h4>\n\t\t\t\t\t<p class=\"sf-team-member__position\">\n\t\t\t\t\t\t<span>Cur\u00e9 de la paroisse<\/span>\n\t\t\t\t\t<\/p>\n\t\t\t\t\t\n\t\t\t\t\t\t\t\t\t\t\t\t\t\t\t\t<p class=\"sf-team-member__desc\">L\u2019\u00c9glise arm\u00e9nienne St-Vartan de MISSISSAUGA<\/p>\n\t\t\t\t\t\t\t\t\t\t\n\t\t\t\t\t\t\t\t\t\t\t\t\t\t\t        <ul class=\"sf-team-member__social\">\n                                                                                        <\/ul>\n        \t\t\t\t\t\t\t\t\t<\/div>\n\t\t\t<\/div>\n\t\t<\/div>\n\t\t                    <\/div>\n               \t                    <div class=\"col-lg-4 col-md-3 col-12\">\n                    \t                    \t\t\t<div class=\"sf-team-member\">\n\t\t\t<div class=\"sf-team-member__inner\">\n\t\t\t\t\t\t\t\t\t<div class=\"sf-team-member__image\">\n\t\t\t\t\t\t<a href=\"https:\/\/www.armenianchurch.ca\/en\/diocese\/clergymen\">\n\t\t\t\t\t\t\t<img loading=\"lazy\" decoding=\"async\" width=\"900\" height=\"1247\" src=\"https:\/\/armenianchurch.ca\/wp-content\/uploads\/2019\/11\/Rev.-Fr.-Hrant-Manukyan.jpg\" class=\"attachment-full size-full\" alt=\"\" srcset=\"https:\/\/armenianchurch.ca\/wp-content\/uploads\/2019\/11\/Rev.-Fr.-Hrant-Manukyan.jpg 900w, https:\/\/armenianchurch.ca\/wp-content\/uploads\/2019\/11\/Rev.-Fr.-Hrant-Manukyan-217x300.jpg 217w, https:\/\/armenianchurch.ca\/wp-content\/uploads\/2019\/11\/Rev.-Fr.-Hrant-Manukyan-739x1024.jpg 739w, https:\/\/armenianchurch.ca\/wp-content\/uploads\/2019\/11\/Rev.-Fr.-Hrant-Manukyan-768x1064.jpg 768w\" sizes=\"(max-width: 900px) 100vw, 900px\" \/>\t\t\t\t\t\t<\/a>\n\t\t\t\t\t<\/div>\n\t\t\t\t\t\t\t\t<div class=\"sf-team-member__content\">\n\t\t\t\t\t<h4 class=\"sf-team-member__name\">\n\t\t\t\t\t\t\t\t\t\t\t\t<a href=\"https:\/\/www.armenianchurch.ca\/en\/diocese\/clergymen\" >R\u00e9v. P\u00e8re HRANT MANUKYAN<\/a>\n\t\t\t\t\t\t\t\t\t\t\t<\/h4>\n\t\t\t\t\t<p class=\"sf-team-member__position\">\n\t\t\t\t\t\t<span>Cur\u00e9 de la paroisse<\/span>\n\t\t\t\t\t<\/p>\n\t\t\t\t\t\n\t\t\t\t\t\t\t\t\t\t\t\t\t\t\t\t<p class=\"sf-team-member__desc\">L'\u00e9glise arm\u00e9nienne Saint-Gr\u00e9goire l'illuminateur de ST. CATHARINES &amp; L'\u00e9glise arm\u00e9nienne Sainte-MARie de HAMILTON<\/p>\n\t\t\t\t\t\t\t\t\t\t\n\t\t\t\t\t\t\t\t\t\t\t\t\t\t\t        <ul class=\"sf-team-member__social\">\n                                                                                        <\/ul>\n        \t\t\t\t\t\t\t\t\t<\/div>\n\t\t\t<\/div>\n\t\t<\/div>\n\t\t                    <\/div>\n               \t                    <div class=\"col-lg-4 col-md-3 col-12\">\n                    \t                    \t\t\t<div class=\"sf-team-member\">\n\t\t\t<div class=\"sf-team-member__inner\">\n\t\t\t\t\t\t\t\t\t<div class=\"sf-team-member__image\">\n\t\t\t\t\t\t<a href=\"https:\/\/www.armenianchurch.ca\/en\/diocese\/clergymen\">\n\t\t\t\t\t\t\t<img loading=\"lazy\" decoding=\"async\" width=\"900\" height=\"1247\" src=\"https:\/\/armenianchurch.ca\/wp-content\/uploads\/2019\/11\/Rev.-Fr.-Hayari-Tanashian.jpg\" class=\"attachment-full size-full\" alt=\"\" srcset=\"https:\/\/armenianchurch.ca\/wp-content\/uploads\/2019\/11\/Rev.-Fr.-Hayari-Tanashian.jpg 900w, https:\/\/armenianchurch.ca\/wp-content\/uploads\/2019\/11\/Rev.-Fr.-Hayari-Tanashian-217x300.jpg 217w, https:\/\/armenianchurch.ca\/wp-content\/uploads\/2019\/11\/Rev.-Fr.-Hayari-Tanashian-739x1024.jpg 739w, https:\/\/armenianchurch.ca\/wp-content\/uploads\/2019\/11\/Rev.-Fr.-Hayari-Tanashian-768x1064.jpg 768w\" sizes=\"(max-width: 900px) 100vw, 900px\" \/>\t\t\t\t\t\t<\/a>\n\t\t\t\t\t<\/div>\n\t\t\t\t\t\t\t\t<div class=\"sf-team-member__content\">\n\t\t\t\t\t<h4 class=\"sf-team-member__name\">\n\t\t\t\t\t\t\t\t\t\t\t\t<a href=\"https:\/\/www.armenianchurch.ca\/en\/diocese\/clergymen\" >R\u00e9v. P\u00e8re HAYARI TANASHIAN<\/a>\n\t\t\t\t\t\t\t\t\t\t\t<\/h4>\n\t\t\t\t\t<p class=\"sf-team-member__position\">\n\t\t\t\t\t\t<span>Assistant du cur\u00e9<\/span>\n\t\t\t\t\t<\/p>\n\t\t\t\t\t\n\t\t\t\t\t\t\t\t\t\t\t\t\t\t\t\t<p class=\"sf-team-member__desc\">L\u2019\u00c9glise arm\u00e9nienne de la Sainte-Trinit\u00e9 de TORONTO<\/p>\n\t\t\t\t\t\t\t\t\t\t\n\t\t\t\t\t\t\t\t\t\t\t\t\t\t\t        <ul class=\"sf-team-member__social\">\n                                                                                        <\/ul>\n        \t\t\t\t\t\t\t\t\t<\/div>\n\t\t\t<\/div>\n\t\t<\/div>\n\t\t                    <\/div>\n               \t                <\/div>\n            \t\t\t<\/div>\n\t\t<\/div>\n\t\t\t\t\t<\/div>\n\t\t\t\t<\/div>\n\t\t\t\t\t<\/div>\n\t\t<\/div>\n\t\t\t\t\t<\/div>\n\t\t<\/section>\n\t\t\t\t<\/div>\n\t\t","protected":false},"excerpt":{"rendered":"<p>CLERG\u00c9 R\u00e9v. Archipr\u00eatre Zareh Zargarian Vicaire du Dioc\u00e8se \/ Cur\u00e9 de la paroisse L\u2019\u00c9glise arm\u00e9nienne de la Sainte-Trinit\u00e9 de TORONTO R\u00e9v. Archipr\u00eatre KEGHART GARABEDIAN Cur\u00e9 de la paroisse L\u2019\u00c9glise arm\u00e9nienne Saint-Vartan de VANCOUVER R\u00e9v. P\u00e8re KOMITAS MIRZAKHANYAN Cur\u00e9 de la paroisse L\u2019\u00c9glise arm\u00e9nienne Sainte-Croix de Laval R\u00e9v. P\u00e8re MYRON SARGSYAN Cur\u00e9 de la paroisse L\u2019\u00c9glise [&hellip;]<\/p>\n","protected":false},"author":4,"featured_media":0,"parent":12954,"menu_order":0,"comment_status":"closed","ping_status":"closed","template":"elementor_header_footer","meta":{"give_campaign_id":0,"footnotes":""},"class_list":["post-12957","page","type-page","status-publish","hentry"],"aioseo_notices":[],"campaignId":"","_links":{"self":[{"href":"https:\/\/armenianchurch.ca\/fr\/wp-json\/wp\/v2\/pages\/12957","targetHints":{"allow":["GET"]}}],"collection":[{"href":"https:\/\/armenianchurch.ca\/fr\/wp-json\/wp\/v2\/pages"}],"about":[{"href":"https:\/\/armenianchurch.ca\/fr\/wp-json\/wp\/v2\/types\/page"}],"author":[{"embeddable":true,"href":"https:\/\/armenianchurch.ca\/fr\/wp-json\/wp\/v2\/users\/4"}],"replies":[{"embeddable":true,"href":"https:\/\/armenianchurch.ca\/fr\/wp-json\/wp\/v2\/comments?post=12957"}],"version-history":[{"count":18,"href":"https:\/\/armenianchurch.ca\/fr\/wp-json\/wp\/v2\/pages\/12957\/revisions"}],"predecessor-version":[{"id":22161,"href":"https:\/\/armenianchurch.ca\/fr\/wp-json\/wp\/v2\/pages\/12957\/revisions\/22161"}],"up":[{"embeddable":true,"href":"https:\/\/armenianchurch.ca\/fr\/wp-json\/wp\/v2\/pages\/12954"}],"wp:attachment":[{"href":"https:\/\/armenianchurch.ca\/fr\/wp-json\/wp\/v2\/media?parent=12957"}],"curies":[{"name":"wp","href":"https:\/\/api.w.org\/{rel}","templated":true}]}}