{"id":12984,"date":"2017-04-11T13:01:48","date_gmt":"2017-04-11T17:01:48","guid":{"rendered":"https:\/\/www.armenianchurch.ca\/primat-de-leglise-armenienne-du-canada"},"modified":"2025-09-26T20:57:07","modified_gmt":"2025-09-26T20:57:07","slug":"primat-de-leglise-armenienne-du-canada","status":"publish","type":"page","link":"https:\/\/armenianchurch.ca\/fr\/diocese-du-canada\/primat-de-leglise-armenienne-du-canada","title":{"rendered":"PRIMAT DE L&rsquo;\u00c9GLISE ARM\u00c9NIENNE DU CANADA"},"content":{"rendered":"\t\t<div data-elementor-type=\"wp-page\" data-elementor-id=\"12984\" class=\"elementor elementor-12984 elementor-8168\">\n\t\t\t\t\t\t<section class=\"elementor-section elementor-top-section elementor-element elementor-element-d560e4c elementor-section-boxed elementor-section-height-default elementor-section-height-default\" data-id=\"d560e4c\" data-element_type=\"section\" data-e-type=\"section\">\n\t\t\t\t\t\t<div class=\"elementor-container elementor-column-gap-default\">\n\t\t\t\t\t<div class=\"elementor-column elementor-col-100 elementor-top-column elementor-element elementor-element-ba9f5f7\" data-id=\"ba9f5f7\" data-element_type=\"column\" data-e-type=\"column\">\n\t\t\t<div class=\"elementor-widget-wrap elementor-element-populated\">\n\t\t\t\t\t\t<div class=\"elementor-element elementor-element-bdb9d1a sf-heading--decor-image elementor-widget elementor-widget-sf-heading\" data-id=\"bdb9d1a\" data-element_type=\"widget\" data-e-type=\"widget\" data-widget_type=\"sf-heading.default\">\n\t\t\t\t<div class=\"elementor-widget-container\">\n\t\t\t\t\t        <div class=\"sf-heading\">\n                                    <h2 class=\"sf-heading__title\">PRIMAT DU DIOC\u00c8SE ARM\u00c9NIEN DU CANADA<\/h2>                        <div class=\"sf-heading__bottom\"><img decoding=\"async\" src=\"https:\/\/www.armenianchurch.ca\/wp-content\/uploads\/2019\/11\/Jesus1.svg\" alt=\"heading decoration\"><\/div>        <\/div>\n        \t\t\t\t<\/div>\n\t\t\t\t<\/div>\n\t\t\t\t\t<\/div>\n\t\t<\/div>\n\t\t\t\t\t<\/div>\n\t\t<\/section>\n\t\t\t\t<section class=\"elementor-section elementor-top-section elementor-element elementor-element-6b45bba1 elementor-section-boxed elementor-section-height-default elementor-section-height-default\" data-id=\"6b45bba1\" data-element_type=\"section\" data-e-type=\"section\">\n\t\t\t\t\t\t<div class=\"elementor-container elementor-column-gap-default\">\n\t\t\t\t\t<div class=\"elementor-column elementor-col-100 elementor-top-column elementor-element elementor-element-737fe80a\" data-id=\"737fe80a\" data-element_type=\"column\" data-e-type=\"column\">\n\t\t\t<div class=\"elementor-widget-wrap elementor-element-populated\">\n\t\t\t\t\t\t<div class=\"elementor-element elementor-element-f2246fd elementor-widget elementor-widget-text-editor\" data-id=\"f2246fd\" data-element_type=\"widget\" data-e-type=\"widget\" data-widget_type=\"text-editor.default\">\n\t\t\t\t<div class=\"elementor-widget-container\">\n\t\t\t\t\t\t\t\t\t<p style=\"text-align: justify;\"><em>Le Primat est le chef du Dioc\u00e8se et le repr\u00e9sentant au Canada de Sa Saintet\u00e9 le Patriarche supr\u00eame et Catholicos de tous les Arm\u00e9niens.<\/em><\/p><p style=\"text-align: justify;\"><em>Il est le pr\u00e9sident et le directeur g\u00e9n\u00e9ral de l&rsquo;Assembl\u00e9e dioc\u00e9saine, du Conseil dioc\u00e9sain, et de toutes les organisations et comit\u00e9s dioc\u00e9sains.<\/em><\/p><p style=\"text-align: justify;\"><em>Ses d\u00e9cisions relatives \u00e0 toutes les questions religieuses, rituelles et disciplinaires sont finales selon les exigences g\u00e9n\u00e9rales des statuts et des chanoines de l&rsquo;\u00c9glise arm\u00e9nienne.<\/em><\/p><p style=\"text-align: justify;\"><em>En tant que repr\u00e9sentant de Sa Saintet\u00e9 Catholicos de tous les Arm\u00e9niens, il entretient des relations officielles avec d&rsquo;autres \u00c9glises, institutions, organisations et autorit\u00e9s civiles.<\/em><\/p><p style=\"text-align: center;\"><strong>SA GR\u00c2CE L\u2019\u00c9V\u00caQUE ABGAR HOVAKIMYAN<br \/><\/strong>Primat du Dioc\u00e8se du Canada de la Sainte \u00c9glise apostolique Arm\u00e9nienne<\/p><p><a href=\"https:\/\/www.armenianchurch.ca\/wp-content\/uploads\/2018\/05\/Srbazan3.jpg\"><img fetchpriority=\"high\" decoding=\"async\" class=\"alignleft wp-image-9289\" src=\"https:\/\/www.armenianchurch.ca\/wp-content\/uploads\/2018\/05\/Srbazan3.jpg\" alt=\"\" width=\"350\" height=\"438\" \/><\/a><\/p><p style=\"text-align: justify;\">Sa Gr\u00e2ce l&rsquo;\u00c9v\u00eaque Abgar Hovakimyan (nom de bapt\u00eame Samvel Avakimyan) est n\u00e9 le 23 juillet 1972 \u00e0 Batoumi, R\u00e9publique de G\u00e9orgie.<\/p><p style=\"text-align: justify;\">De 1979 \u00e0 1989, il a \u00e9tudi\u00e9 \u00e0 l\u2019\u00e9cole arm\u00e9nienne Stepan Shahumian de Batumi.<\/p><p style=\"text-align: justify;\">De 1989 \u00e0 1995, il poursuit ses \u00e9tudes au S\u00e9minaire Th\u00e9ologique du Saint Si\u00e8ge d\u2019Etchmiadzine et sa th\u00e8se de graduation \u00e9tait \u00ab Les \u00c9chos dans la pens\u00e9e du Doctrine Arm\u00e9nienne dans l\u2019interpr\u00e9tation de l\u2019\u00c9vangile de St Mathieu par St N\u00e9rs\u00e9s Shnorhali, Le Gracieux \u00bb.<\/p><p style=\"text-align: justify;\">En 1995, il a \u00e9t\u00e9 ordonn\u00e9 diacre par Sa Grace, feu l\u2019\u00c9v\u00eaque Anania Arabajian.<\/p><p style=\"text-align: justify;\">Le 2 juin 1996, il a \u00e9t\u00e9 ordonn\u00e9 pr\u00eatre c\u00e9libataire par Son \u00c9minence, feu l\u2019Archev\u00eaque Shah\u00e9 Ajemian et a pris le nom sacerdotal d\u2019Abgar.<\/p><p style=\"text-align: justify;\">Suite \u00e0 son ordination, pour la p\u00e9riode du 1996-2001, il servit comme pr\u00eatre c\u00e9libataire au Dioc\u00e8se de G\u00e9orgie, comme cur\u00e9 de l\u2019\u00c9glise Sourp Prgitch de Batoumi, R\u00e9publique de G\u00e9orgie.<\/p><p style=\"text-align: justify;\">De 2001 \u00e0 2004, par ordre pontifical de Sa Saintet\u00e9 Karekin II, Patriarche Supr\u00eame et Catholicos de tous les Arm\u00e9niens, il continue ses \u00e9tudes sup\u00e9rieures \u00e0 l\u2019Universit\u00e9 Th\u00e9ologique de Salzburg en Autriche. En 2006, pour l\u2019obtention de sa Maitrise, il d\u00e9fend sa th\u00e8se \u00ab Dionysies Ar\u00e9opagite dans la Bibliographie Arm\u00e9nienne \u00bb et re\u00e7oit le titre de \u00ab Archimandrite \u00bb.<\/p><p style=\"text-align: justify;\">Durant la p\u00e9riode de 2005 \u00e0 2010, il servit comme Vicaire G\u00e9n\u00e9ral pour le Dioc\u00e8se de Syunik en Arm\u00e9nie, tout en assistant le Primat du Dioc\u00e8se dans le travail d\u2019\u00e9vang\u00e9lisation et l\u2019organisation d\u2019un chapitre pour les jeunes.<\/p><p style=\"text-align: justify;\">De 2010 \u00e0 2011, le Tr\u00e8s R\u00e9v\u00e9rend Abgar Hovakimyan servit au Dioc\u00e8se du Canada comme Cur\u00e9 de l\u2019\u00c9glise Arm\u00e9nienne \u00e0 Hamilton et aussi \u00e0 l\u2019\u00c9glise St. Gr\u00e9goire l\u2019Illuminateur \u00e0 St. Catharines en Ontario.<\/p><p style=\"text-align: justify;\">En 2011, il a \u00e9t\u00e9 nomm\u00e9 Suppl\u00e9ant du Dioc\u00e8se de l\u2019\u00c9glise Arm\u00e9nienne de Bulgarie.<\/p><p style=\"text-align: justify;\">En mai 2014, il a \u00e9t\u00e9 \u00e9lu Primat du Dioc\u00e8se arm\u00e9nien du Canada.<\/p><p style=\"text-align: justify;\">Le 16 novembre 2014, au Saint Si\u00e8ge d\u2019Etchmiadzine, il a \u00e9t\u00e9 consacr\u00e9, ordonn\u00e9 et \u00e9lev\u00e9 au rang d\u2019\u00c9v\u00eaque par Sa Saintet\u00e9 Karekin II, Patriarche Supr\u00eame et Catholicos de tous les Arm\u00e9niens.<\/p><p style=\"text-align: justify;\">Msg.\u00a0Hovakimyan parle l\u2019Arm\u00e9nien, l&rsquo;Anglais, l\u2019Allemand, le Russe, le G\u00e9orgien et le Bulgare.<\/p>\t\t\t\t\t\t\t\t<\/div>\n\t\t\t\t<\/div>\n\t\t\t\t\t<\/div>\n\t\t<\/div>\n\t\t\t\t\t<\/div>\n\t\t<\/section>\n\t\t\t\t<section class=\"elementor-section elementor-top-section elementor-element elementor-element-908f50e elementor-section-boxed elementor-section-height-default elementor-section-height-default\" data-id=\"908f50e\" data-element_type=\"section\" data-e-type=\"section\">\n\t\t\t\t\t\t<div class=\"elementor-container elementor-column-gap-default\">\n\t\t\t\t\t<div class=\"elementor-column elementor-col-100 elementor-top-column elementor-element elementor-element-dc8563c\" data-id=\"dc8563c\" data-element_type=\"column\" data-e-type=\"column\">\n\t\t\t<div class=\"elementor-widget-wrap elementor-element-populated\">\n\t\t\t\t\t\t<div class=\"elementor-element elementor-element-76b1f47 elementor-widget elementor-widget-video\" data-id=\"76b1f47\" data-element_type=\"widget\" data-e-type=\"widget\" data-settings=\"{&quot;youtube_url&quot;:&quot;https:\\\/\\\/www.youtube.com\\\/watch?v=00ZhxPSPXLQ&quot;,&quot;video_type&quot;:&quot;youtube&quot;,&quot;controls&quot;:&quot;yes&quot;}\" data-widget_type=\"video.default\">\n\t\t\t\t<div class=\"elementor-widget-container\">\n\t\t\t\t\t\t\t<div class=\"elementor-wrapper elementor-open-inline\">\n\t\t\t<div class=\"elementor-video\"><\/div>\t\t<\/div>\n\t\t\t\t\t\t<\/div>\n\t\t\t\t<\/div>\n\t\t\t\t\t<\/div>\n\t\t<\/div>\n\t\t\t\t\t<\/div>\n\t\t<\/section>\n\t\t\t\t<\/div>\n\t\t","protected":false},"excerpt":{"rendered":"<p>PRIMAT DU DIOC\u00c8SE ARM\u00c9NIEN DU CANADA Le Primat est le chef du Dioc\u00e8se et le repr\u00e9sentant au Canada de Sa Saintet\u00e9 le Patriarche supr\u00eame et Catholicos de tous les Arm\u00e9niens. Il est le pr\u00e9sident et le directeur g\u00e9n\u00e9ral de l&rsquo;Assembl\u00e9e dioc\u00e9saine, du Conseil dioc\u00e9sain, et de toutes les organisations et comit\u00e9s dioc\u00e9sains. Ses d\u00e9cisions relatives [&hellip;]<\/p>\n","protected":false},"author":4,"featured_media":0,"parent":12954,"menu_order":0,"comment_status":"closed","ping_status":"closed","template":"elementor_header_footer","meta":{"give_campaign_id":0,"footnotes":""},"class_list":["post-12984","page","type-page","status-publish","hentry"],"aioseo_notices":[],"campaignId":"","_links":{"self":[{"href":"https:\/\/armenianchurch.ca\/fr\/wp-json\/wp\/v2\/pages\/12984","targetHints":{"allow":["GET"]}}],"collection":[{"href":"https:\/\/armenianchurch.ca\/fr\/wp-json\/wp\/v2\/pages"}],"about":[{"href":"https:\/\/armenianchurch.ca\/fr\/wp-json\/wp\/v2\/types\/page"}],"author":[{"embeddable":true,"href":"https:\/\/armenianchurch.ca\/fr\/wp-json\/wp\/v2\/users\/4"}],"replies":[{"embeddable":true,"href":"https:\/\/armenianchurch.ca\/fr\/wp-json\/wp\/v2\/comments?post=12984"}],"version-history":[{"count":11,"href":"https:\/\/armenianchurch.ca\/fr\/wp-json\/wp\/v2\/pages\/12984\/revisions"}],"predecessor-version":[{"id":22546,"href":"https:\/\/armenianchurch.ca\/fr\/wp-json\/wp\/v2\/pages\/12984\/revisions\/22546"}],"up":[{"embeddable":true,"href":"https:\/\/armenianchurch.ca\/fr\/wp-json\/wp\/v2\/pages\/12954"}],"wp:attachment":[{"href":"https:\/\/armenianchurch.ca\/fr\/wp-json\/wp\/v2\/media?parent=12984"}],"curies":[{"name":"wp","href":"https:\/\/api.w.org\/{rel}","templated":true}]}}