{"id":12987,"date":"2017-04-11T14:37:32","date_gmt":"2017-04-11T18:37:32","guid":{"rendered":"https:\/\/www.armenianchurch.ca\/les-anciens-primats"},"modified":"2022-01-24T16:58:55","modified_gmt":"2022-01-24T16:58:55","slug":"les-anciens-primats","status":"publish","type":"page","link":"https:\/\/armenianchurch.ca\/fr\/diocese-du-canada\/les-anciens-primats","title":{"rendered":"LES ANCIENS PRIMATS"},"content":{"rendered":"\t\t<div data-elementor-type=\"wp-page\" data-elementor-id=\"12987\" class=\"elementor elementor-12987 elementor-8175\">\n\t\t\t\t\t\t<section class=\"elementor-section elementor-top-section elementor-element elementor-element-575c102 elementor-section-boxed elementor-section-height-default elementor-section-height-default\" data-id=\"575c102\" data-element_type=\"section\" data-e-type=\"section\">\n\t\t\t\t\t\t<div class=\"elementor-container elementor-column-gap-default\">\n\t\t\t\t\t<div class=\"elementor-column elementor-col-100 elementor-top-column elementor-element elementor-element-21b622e\" data-id=\"21b622e\" data-element_type=\"column\" data-e-type=\"column\">\n\t\t\t<div class=\"elementor-widget-wrap elementor-element-populated\">\n\t\t\t\t\t\t<div class=\"elementor-element elementor-element-8f7b39f sf-heading--decor-image elementor-widget elementor-widget-sf-heading\" data-id=\"8f7b39f\" data-element_type=\"widget\" data-e-type=\"widget\" data-widget_type=\"sf-heading.default\">\n\t\t\t\t<div class=\"elementor-widget-container\">\n\t\t\t\t\t        <div class=\"sf-heading\">\n                                    <h2 class=\"sf-heading__title\">LES ANCIENS PRIMATS<\/h2>                        <div class=\"sf-heading__bottom\"><img decoding=\"async\" src=\"https:\/\/www.armenianchurch.ca\/wp-content\/uploads\/2019\/11\/Jesus1.svg\" alt=\"heading decoration\"><\/div>        <\/div>\n        \t\t\t\t<\/div>\n\t\t\t\t<\/div>\n\t\t\t\t\t<\/div>\n\t\t<\/div>\n\t\t\t\t\t<\/div>\n\t\t<\/section>\n\t\t\t\t<section class=\"elementor-section elementor-top-section elementor-element elementor-element-da539e3 elementor-section-boxed elementor-section-height-default elementor-section-height-default\" data-id=\"da539e3\" data-element_type=\"section\" data-e-type=\"section\">\n\t\t\t\t\t\t<div class=\"elementor-container elementor-column-gap-default\">\n\t\t\t\t\t<div class=\"elementor-column elementor-col-100 elementor-top-column elementor-element elementor-element-a31efb8\" data-id=\"a31efb8\" data-element_type=\"column\" data-e-type=\"column\">\n\t\t\t<div class=\"elementor-widget-wrap elementor-element-populated\">\n\t\t\t\t\t\t<div class=\"elementor-element elementor-element-7f47d80 sf-team-member--style-default sf-align-center elementor-widget elementor-widget-sf-team-members\" data-id=\"7f47d80\" data-element_type=\"widget\" data-e-type=\"widget\" data-widget_type=\"sf-team-members.default\">\n\t\t\t\t<div class=\"elementor-widget-container\">\n\t\t\t\t\t\t\t<div class=\"sf-team-members\">\n\t\t\t<div class=\"clearfix\">\n            <div class=\"row\"\/>                                    <div class=\"col-lg-3 col-md-3 col-12\">\n                    \t                    \t\t\t<div class=\"sf-team-member\">\n\t\t\t<div class=\"sf-team-member__inner\">\n\t\t\t\t\t\t\t\t\t<div class=\"sf-team-member__image\">\n\t\t\t\t\t\t<a href=\"\">\n\t\t\t\t\t\t\t<img fetchpriority=\"high\" decoding=\"async\" width=\"358\" height=\"444\" src=\"https:\/\/armenianchurch.ca\/wp-content\/uploads\/2019\/10\/Srbazan_Nathan-Copy-2.jpg\" class=\"attachment-full size-full\" alt=\"\" \/>\t\t\t\t\t\t<\/a>\n\t\t\t\t\t<\/div>\n\t\t\t\t\t\t\t\t<div class=\"sf-team-member__content\">\n\t\t\t\t\t<h4 class=\"sf-team-member__name\">\n\t\t\t\t\t\t\t\t\t\t\t\tARCHEV\u00caQUE NATHAN HOVHANNISYAN\t\t\t\t\t\t\t\t\t\t\t<\/h4>\n\t\t\t\t\t<p class=\"sf-team-member__position\">\n\t\t\t\t\t\t<span><\/span>\n\t\t\t\t\t<\/p>\n\t\t\t\t\t\n\t\t\t\t\t\t\t\t\t\t\t\t\t\t\t\t<p class=\"sf-team-member__desc\">MAI 2013 - MAI 2014<\/p>\n\t\t\t\t\t\t\t\t\t\t\n\t\t\t\t\t\t\t\t\t\t\t\t\t\t\t        <ul class=\"sf-team-member__social\">\n                                                                                        <\/ul>\n        \t\t\t\t\t\t\t\t\t<\/div>\n\t\t\t<\/div>\n\t\t<\/div>\n\t\t                    <\/div>\n               \t                    <div class=\"col-lg-3 col-md-3 col-12\">\n                    \t                    \t\t\t<div class=\"sf-team-member\">\n\t\t\t<div class=\"sf-team-member__inner\">\n\t\t\t\t\t\t\t\t\t<div class=\"sf-team-member__image\">\n\t\t\t\t\t\t<a href=\"\">\n\t\t\t\t\t\t\t<img decoding=\"async\" width=\"358\" height=\"444\" src=\"https:\/\/armenianchurch.ca\/wp-content\/uploads\/2019\/10\/Srbazan_Bagrat.jpg\" class=\"attachment-full size-full\" alt=\"\" \/>\t\t\t\t\t\t<\/a>\n\t\t\t\t\t<\/div>\n\t\t\t\t\t\t\t\t<div class=\"sf-team-member__content\">\n\t\t\t\t\t<h4 class=\"sf-team-member__name\">\n\t\t\t\t\t\t\t\t\t\t\t\t\u00c9V\u00caQUE BAGRAT GALSTANIAN\t\t\t\t\t\t\t\t\t\t\t<\/h4>\n\t\t\t\t\t<p class=\"sf-team-member__position\">\n\t\t\t\t\t\t<span><\/span>\n\t\t\t\t\t<\/p>\n\t\t\t\t\t\n\t\t\t\t\t\t\t\t\t\t\t\t\t\t\t\t<p class=\"sf-team-member__desc\">MAI 2003 - MAI 2013<\/p>\n\t\t\t\t\t\t\t\t\t\t\n\t\t\t\t\t\t\t\t\t\t\t\t\t\t\t        <ul class=\"sf-team-member__social\">\n                                                                                        <\/ul>\n        \t\t\t\t\t\t\t\t\t<\/div>\n\t\t\t<\/div>\n\t\t<\/div>\n\t\t                    <\/div>\n               \t                    <div class=\"col-lg-3 col-md-3 col-12\">\n                    \t                    \t\t\t<div class=\"sf-team-member\">\n\t\t\t<div class=\"sf-team-member__inner\">\n\t\t\t\t\t\t\t\t\t<div class=\"sf-team-member__image\">\n\t\t\t\t\t\t<a href=\"\">\n\t\t\t\t\t\t\t<img decoding=\"async\" width=\"358\" height=\"444\" src=\"https:\/\/armenianchurch.ca\/wp-content\/uploads\/2019\/10\/Srbazan_Hovnan.jpg\" class=\"attachment-full size-full\" alt=\"\" \/>\t\t\t\t\t\t<\/a>\n\t\t\t\t\t<\/div>\n\t\t\t\t\t\t\t\t<div class=\"sf-team-member__content\">\n\t\t\t\t\t<h4 class=\"sf-team-member__name\">\n\t\t\t\t\t\t\t\t\t\t\t\tARCHEV\u00caQUE HOVNAN DERDERIAN\t\t\t\t\t\t\t\t\t\t\t<\/h4>\n\t\t\t\t\t<p class=\"sf-team-member__position\">\n\t\t\t\t\t\t<span><\/span>\n\t\t\t\t\t<\/p>\n\t\t\t\t\t\n\t\t\t\t\t\t\t\t\t\t\t\t\t\t\t\t<p class=\"sf-team-member__desc\">MAI 1990 - MAI 2003<\/p>\n\t\t\t\t\t\t\t\t\t\t\n\t\t\t\t\t\t\t\t\t\t\t\t\t\t\t        <ul class=\"sf-team-member__social\">\n                                                                                        <\/ul>\n        \t\t\t\t\t\t\t\t\t<\/div>\n\t\t\t<\/div>\n\t\t<\/div>\n\t\t                    <\/div>\n               \t                    <div class=\"col-lg-3 col-md-3 col-12\">\n                    \t                    \t\t\t<div class=\"sf-team-member\">\n\t\t\t<div class=\"sf-team-member__inner\">\n\t\t\t\t\t\t\t\t\t<div class=\"sf-team-member__image\">\n\t\t\t\t\t\t<a href=\"\">\n\t\t\t\t\t\t\t<img loading=\"lazy\" decoding=\"async\" width=\"358\" height=\"444\" src=\"https:\/\/armenianchurch.ca\/wp-content\/uploads\/2019\/10\/Srbazan_Vazgen.jpg\" class=\"attachment-full size-full\" alt=\"\" \/>\t\t\t\t\t\t<\/a>\n\t\t\t\t\t<\/div>\n\t\t\t\t\t\t\t\t<div class=\"sf-team-member__content\">\n\t\t\t\t\t<h4 class=\"sf-team-member__name\">\n\t\t\t\t\t\t\t\t\t\t\t\tARCHEV\u00caQUE VAZKEN KESHISHIAN\t\t\t\t\t\t\t\t\t\t\t<\/h4>\n\t\t\t\t\t<p class=\"sf-team-member__position\">\n\t\t\t\t\t\t<span><\/span>\n\t\t\t\t\t<\/p>\n\t\t\t\t\t\n\t\t\t\t\t\t\t\t\t\t\t\t\t\t\t\t<p class=\"sf-team-member__desc\">OCTOBRE 1984 - MARS 1990<\/p>\n\t\t\t\t\t\t\t\t\t\t\n\t\t\t\t\t\t\t\t\t\t\t\t\t\t\t        <ul class=\"sf-team-member__social\">\n                                                                                        <\/ul>\n        \t\t\t\t\t\t\t\t\t<\/div>\n\t\t\t<\/div>\n\t\t<\/div>\n\t\t                    <\/div>\n               \t                <\/div>\n            \t\t\t<\/div>\n\t\t<\/div>\n\t\t\t\t\t<\/div>\n\t\t\t\t<\/div>\n\t\t\t\t\t<\/div>\n\t\t<\/div>\n\t\t\t\t\t<\/div>\n\t\t<\/section>\n\t\t\t\t<\/div>\n\t\t","protected":false},"excerpt":{"rendered":"<p>LES ANCIENS PRIMATS ARCHEV\u00caQUE NATHAN HOVHANNISYAN MAI 2013 &#8211; MAI 2014 \u00c9V\u00caQUE BAGRAT GALSTANIAN MAI 2003 &#8211; MAI 2013 ARCHEV\u00caQUE HOVNAN DERDERIAN MAI 1990 &#8211; MAI 2003 ARCHEV\u00caQUE VAZKEN KESHISHIAN OCTOBRE 1984 &#8211; MARS 1990<\/p>\n","protected":false},"author":4,"featured_media":0,"parent":12954,"menu_order":0,"comment_status":"closed","ping_status":"closed","template":"elementor_header_footer","meta":{"give_campaign_id":0,"footnotes":""},"class_list":["post-12987","page","type-page","status-publish","hentry"],"aioseo_notices":[],"campaignId":"","_links":{"self":[{"href":"https:\/\/armenianchurch.ca\/fr\/wp-json\/wp\/v2\/pages\/12987","targetHints":{"allow":["GET"]}}],"collection":[{"href":"https:\/\/armenianchurch.ca\/fr\/wp-json\/wp\/v2\/pages"}],"about":[{"href":"https:\/\/armenianchurch.ca\/fr\/wp-json\/wp\/v2\/types\/page"}],"author":[{"embeddable":true,"href":"https:\/\/armenianchurch.ca\/fr\/wp-json\/wp\/v2\/users\/4"}],"replies":[{"embeddable":true,"href":"https:\/\/armenianchurch.ca\/fr\/wp-json\/wp\/v2\/comments?post=12987"}],"version-history":[{"count":3,"href":"https:\/\/armenianchurch.ca\/fr\/wp-json\/wp\/v2\/pages\/12987\/revisions"}],"predecessor-version":[{"id":21717,"href":"https:\/\/armenianchurch.ca\/fr\/wp-json\/wp\/v2\/pages\/12987\/revisions\/21717"}],"up":[{"embeddable":true,"href":"https:\/\/armenianchurch.ca\/fr\/wp-json\/wp\/v2\/pages\/12954"}],"wp:attachment":[{"href":"https:\/\/armenianchurch.ca\/fr\/wp-json\/wp\/v2\/media?parent=12987"}],"curies":[{"name":"wp","href":"https:\/\/api.w.org\/{rel}","templated":true}]}}