{"id":12991,"date":"2017-04-11T14:44:29","date_gmt":"2017-04-11T18:44:29","guid":{"rendered":"https:\/\/www.armenianchurch.ca\/lassemblee-diocesaine"},"modified":"2020-08-18T10:44:09","modified_gmt":"2020-08-18T14:44:09","slug":"lassemblee-diocesaine","status":"publish","type":"page","link":"https:\/\/armenianchurch.ca\/fr\/diocese-du-canada\/lassemblee-diocesaine","title":{"rendered":"L\u2019ASSEMBL\u00c9E DIOC\u00c9SAINE"},"content":{"rendered":"\t\t<div data-elementor-type=\"wp-page\" data-elementor-id=\"12991\" class=\"elementor elementor-12991 elementor-8178\">\n\t\t\t\t\t\t<section class=\"elementor-section elementor-top-section elementor-element elementor-element-e9d249d elementor-section-boxed elementor-section-height-default elementor-section-height-default\" data-id=\"e9d249d\" data-element_type=\"section\" data-e-type=\"section\">\n\t\t\t\t\t\t<div class=\"elementor-container elementor-column-gap-default\">\n\t\t\t\t\t<div class=\"elementor-column elementor-col-100 elementor-top-column elementor-element elementor-element-49f5107\" data-id=\"49f5107\" data-element_type=\"column\" data-e-type=\"column\">\n\t\t\t<div class=\"elementor-widget-wrap elementor-element-populated\">\n\t\t\t\t\t\t<div class=\"elementor-element elementor-element-08ed315 sf-heading--decor-image elementor-widget elementor-widget-sf-heading\" data-id=\"08ed315\" data-element_type=\"widget\" data-e-type=\"widget\" data-widget_type=\"sf-heading.default\">\n\t\t\t\t<div class=\"elementor-widget-container\">\n\t\t\t\t\t        <div class=\"sf-heading\">\n                                    <h2 class=\"sf-heading__title\">L\u2019ASSEMBL\u00c9E DIOC\u00c9SAINE<\/h2>                        <div class=\"sf-heading__bottom\"><img decoding=\"async\" src=\"https:\/\/www.armenianchurch.ca\/wp-content\/uploads\/2019\/11\/OrnamentYellowLog-1.svg\" alt=\"heading decoration\"><\/div>        <\/div>\n        \t\t\t\t<\/div>\n\t\t\t\t<\/div>\n\t\t\t\t\t<\/div>\n\t\t<\/div>\n\t\t\t\t\t<\/div>\n\t\t<\/section>\n\t\t\t\t<section class=\"elementor-section elementor-top-section elementor-element elementor-element-b0f4b07 elementor-section-boxed elementor-section-height-default elementor-section-height-default\" data-id=\"b0f4b07\" data-element_type=\"section\" data-e-type=\"section\">\n\t\t\t\t\t\t<div class=\"elementor-container elementor-column-gap-default\">\n\t\t\t\t\t<div class=\"elementor-column elementor-col-100 elementor-top-column elementor-element elementor-element-0f42388\" data-id=\"0f42388\" data-element_type=\"column\" data-e-type=\"column\">\n\t\t\t<div class=\"elementor-widget-wrap elementor-element-populated\">\n\t\t\t\t\t\t<div class=\"elementor-element elementor-element-bafcba0 elementor-widget elementor-widget-image\" data-id=\"bafcba0\" data-element_type=\"widget\" data-e-type=\"widget\" data-widget_type=\"image.default\">\n\t\t\t\t<div class=\"elementor-widget-container\">\n\t\t\t\t\t\t\t\t\t\t\t\t\t\t\t<img fetchpriority=\"high\" decoding=\"async\" width=\"2048\" height=\"680\" src=\"https:\/\/armenianchurch.ca\/wp-content\/uploads\/2019\/06\/61167291_2143555545682181_561649067956895744_o_2143555539015515-1-e1560284061644.jpg\" class=\"attachment-full size-full wp-image-12992\" alt=\"\" srcset=\"https:\/\/armenianchurch.ca\/wp-content\/uploads\/2019\/06\/61167291_2143555545682181_561649067956895744_o_2143555539015515-1-e1560284061644.jpg 2048w, https:\/\/armenianchurch.ca\/wp-content\/uploads\/2019\/06\/61167291_2143555545682181_561649067956895744_o_2143555539015515-1-e1560284061644-768x255.jpg 768w, https:\/\/armenianchurch.ca\/wp-content\/uploads\/2019\/06\/61167291_2143555545682181_561649067956895744_o_2143555539015515-1-e1560284061644-300x100.jpg 300w, https:\/\/armenianchurch.ca\/wp-content\/uploads\/2019\/06\/61167291_2143555545682181_561649067956895744_o_2143555539015515-1-e1560284061644-1024x340.jpg 1024w\" sizes=\"(max-width: 2048px) 100vw, 2048px\" \/>\t\t\t\t\t\t\t\t\t\t\t\t\t\t\t<\/div>\n\t\t\t\t<\/div>\n\t\t\t\t\t<\/div>\n\t\t<\/div>\n\t\t\t\t\t<\/div>\n\t\t<\/section>\n\t\t\t\t<section class=\"elementor-section elementor-top-section elementor-element elementor-element-60bd46e7 elementor-section-boxed elementor-section-height-default elementor-section-height-default\" data-id=\"60bd46e7\" data-element_type=\"section\" data-e-type=\"section\">\n\t\t\t\t\t\t<div class=\"elementor-container elementor-column-gap-default\">\n\t\t\t\t\t<div class=\"elementor-column elementor-col-100 elementor-top-column elementor-element elementor-element-1e9b15bd\" data-id=\"1e9b15bd\" data-element_type=\"column\" data-e-type=\"column\">\n\t\t\t<div class=\"elementor-widget-wrap elementor-element-populated\">\n\t\t\t\t\t\t<div class=\"elementor-element elementor-element-55b2a815 elementor-widget elementor-widget-text-editor\" data-id=\"55b2a815\" data-element_type=\"widget\" data-e-type=\"widget\" data-widget_type=\"text-editor.default\">\n\t\t\t\t<div class=\"elementor-widget-container\">\n\t\t\t\t\t\t\t\t\t<p style=\"text-align: justify;\"><em>L&rsquo;Assembl\u00e9e dioc\u00e9saine est l&rsquo;organe l\u00e9gislatif supr\u00eame permanent du Dioc\u00e8se sous la pr\u00e9sidence du Primat.<\/em><\/p><p style=\"text-align: justify;\"><em>Il exerce la surveillance et le contr\u00f4le sur toutes les entit\u00e9s administratives eccl\u00e9siastiques relevant de la juridiction du Dioc\u00e8se.<\/em><\/p><p style=\"text-align: justify;\"><em>L&rsquo;Assembl\u00e9e dioc\u00e9saine se compose de d\u00e9l\u00e9gu\u00e9s la\u00efcs \u00e9lus, des pr\u00e9sidents de conseils paroissiaux et de tout le clerg\u00e9 du dioc\u00e8se. Chaque paroisse a droit \u00e0 des d\u00e9l\u00e9gu\u00e9s la\u00efcs, \u00e9lus pour un mandat de trois ans, proportionnellement au nombre de ses membres.<\/em><\/p><p style=\"text-align: justify;\"><em>L&rsquo;assembl\u00e9e dioc\u00e9saine se r\u00e9unit tous les ans pendant le dernier week-end de mai, \u00e0 moins que l&rsquo;assembl\u00e9e dioc\u00e9saine pr\u00e9c\u00e9dente n&rsquo;en d\u00e9cide autrement.<\/em><\/p>\t\t\t\t\t\t\t\t<\/div>\n\t\t\t\t<\/div>\n\t\t\t\t\t<\/div>\n\t\t<\/div>\n\t\t\t\t\t<\/div>\n\t\t<\/section>\n\t\t\t\t<section class=\"elementor-section elementor-top-section elementor-element elementor-element-3208026 elementor-section-boxed elementor-section-height-default elementor-section-height-default\" data-id=\"3208026\" data-element_type=\"section\" data-e-type=\"section\">\n\t\t\t\t\t\t<div class=\"elementor-container elementor-column-gap-default\">\n\t\t\t\t\t<div class=\"elementor-column elementor-col-100 elementor-top-column elementor-element elementor-element-d09cd8a\" data-id=\"d09cd8a\" data-element_type=\"column\" data-e-type=\"column\">\n\t\t\t<div class=\"elementor-widget-wrap elementor-element-populated\">\n\t\t\t\t\t\t<div class=\"elementor-element elementor-element-3106a7a elementor-widget elementor-widget-video\" data-id=\"3106a7a\" data-element_type=\"widget\" data-e-type=\"widget\" data-settings=\"{&quot;youtube_url&quot;:&quot;https:\\\/\\\/www.youtube.com\\\/watch?v=FtsyczQuXcg&quot;,&quot;video_type&quot;:&quot;youtube&quot;,&quot;controls&quot;:&quot;yes&quot;}\" data-widget_type=\"video.default\">\n\t\t\t\t<div class=\"elementor-widget-container\">\n\t\t\t\t\t\t\t<div class=\"elementor-wrapper elementor-open-inline\">\n\t\t\t<div class=\"elementor-video\"><\/div>\t\t<\/div>\n\t\t\t\t\t\t<\/div>\n\t\t\t\t<\/div>\n\t\t\t\t\t<\/div>\n\t\t<\/div>\n\t\t\t\t\t<\/div>\n\t\t<\/section>\n\t\t\t\t<\/div>\n\t\t","protected":false},"excerpt":{"rendered":"<p>L\u2019ASSEMBL\u00c9E DIOC\u00c9SAINE L&rsquo;Assembl\u00e9e dioc\u00e9saine est l&rsquo;organe l\u00e9gislatif supr\u00eame permanent du Dioc\u00e8se sous la pr\u00e9sidence du Primat. Il exerce la surveillance et le contr\u00f4le sur toutes les entit\u00e9s administratives eccl\u00e9siastiques relevant de la juridiction du Dioc\u00e8se. L&rsquo;Assembl\u00e9e dioc\u00e9saine se compose de d\u00e9l\u00e9gu\u00e9s la\u00efcs \u00e9lus, des pr\u00e9sidents de conseils paroissiaux et de tout le clerg\u00e9 du dioc\u00e8se. [&hellip;]<\/p>\n","protected":false},"author":4,"featured_media":0,"parent":12954,"menu_order":0,"comment_status":"closed","ping_status":"closed","template":"elementor_header_footer","meta":{"give_campaign_id":0,"footnotes":""},"class_list":["post-12991","page","type-page","status-publish","hentry"],"aioseo_notices":[],"campaignId":"","_links":{"self":[{"href":"https:\/\/armenianchurch.ca\/fr\/wp-json\/wp\/v2\/pages\/12991","targetHints":{"allow":["GET"]}}],"collection":[{"href":"https:\/\/armenianchurch.ca\/fr\/wp-json\/wp\/v2\/pages"}],"about":[{"href":"https:\/\/armenianchurch.ca\/fr\/wp-json\/wp\/v2\/types\/page"}],"author":[{"embeddable":true,"href":"https:\/\/armenianchurch.ca\/fr\/wp-json\/wp\/v2\/users\/4"}],"replies":[{"embeddable":true,"href":"https:\/\/armenianchurch.ca\/fr\/wp-json\/wp\/v2\/comments?post=12991"}],"version-history":[{"count":4,"href":"https:\/\/armenianchurch.ca\/fr\/wp-json\/wp\/v2\/pages\/12991\/revisions"}],"predecessor-version":[{"id":20446,"href":"https:\/\/armenianchurch.ca\/fr\/wp-json\/wp\/v2\/pages\/12991\/revisions\/20446"}],"up":[{"embeddable":true,"href":"https:\/\/armenianchurch.ca\/fr\/wp-json\/wp\/v2\/pages\/12954"}],"wp:attachment":[{"href":"https:\/\/armenianchurch.ca\/fr\/wp-json\/wp\/v2\/media?parent=12991"}],"curies":[{"name":"wp","href":"https:\/\/api.w.org\/{rel}","templated":true}]}}