{"id":12995,"date":"2017-04-11T14:49:52","date_gmt":"2017-04-11T18:49:52","guid":{"rendered":"https:\/\/www.armenianchurch.ca\/le-conseil-diocesain"},"modified":"2021-09-30T20:04:23","modified_gmt":"2021-09-30T20:04:23","slug":"le-conseil-diocesain","status":"publish","type":"page","link":"https:\/\/armenianchurch.ca\/fr\/diocese-du-canada\/le-conseil-diocesain","title":{"rendered":"LE CONSEIL DIOCESAIN"},"content":{"rendered":"\t\t<div data-elementor-type=\"wp-page\" data-elementor-id=\"12995\" class=\"elementor elementor-12995 elementor-8181\">\n\t\t\t\t\t\t<section class=\"elementor-section elementor-top-section elementor-element elementor-element-3587069a elementor-section-boxed elementor-section-height-default elementor-section-height-default\" data-id=\"3587069a\" data-element_type=\"section\" data-e-type=\"section\">\n\t\t\t\t\t\t<div class=\"elementor-container elementor-column-gap-default\">\n\t\t\t\t\t<div class=\"elementor-column elementor-col-100 elementor-top-column elementor-element elementor-element-3b721713\" data-id=\"3b721713\" data-element_type=\"column\" data-e-type=\"column\">\n\t\t\t<div class=\"elementor-widget-wrap elementor-element-populated\">\n\t\t\t\t\t\t<div class=\"elementor-element elementor-element-537b52b4 elementor-widget elementor-widget-text-editor\" data-id=\"537b52b4\" data-element_type=\"widget\" data-e-type=\"widget\" data-widget_type=\"text-editor.default\">\n\t\t\t\t<div class=\"elementor-widget-container\">\n\t\t\t\t\t\t\t\t\t<p style=\"text-align: justify;\"><em>Le Conseil Dioc\u00e9sain, avec le Primat comme Pr\u00e9sident, est l&rsquo;Organe ex\u00e9cutif du Dioc\u00e8se. Tout membre de l&rsquo;Assembl\u00e9e dioc\u00e9saine est \u00e9ligible d\u2019\u00eatre \u00e9lu au Conseil dioc\u00e9sain. Les membres du Conseil dioc\u00e9sain sont \u00e9lus pour un mandat de trois ans.<\/em><\/p><p><strong>Membres du Conseil dioc\u00e9sain<\/strong><br \/>Sa Gr\u00e2ce l\u2019\u00c9v\u00eaque Abgar Hovakimyan<br \/>R\u00e9v. Archipr\u00eatre Zareh Zargarian<br \/>R\u00e9v. Archipr\u00eatre Keghart Garabedian<br \/>R\u00e9v. Pr\u00eatre Komidas Mirzakhanian<br \/>M. Meguerditch Kanondjian &#8211; Pr\u00e9sident<br \/>Dr. Hrayr Der Kevorkian &#8211; Vice-Pr\u00e9sident<br \/>M. Richard Yeghiayan &#8211; Tr\u00e9sorier<br \/>M. Jirayr Dolar &#8211; Secr\u00e9taire<br \/>M. Aram Isnar<br \/>M.\u00a0Bedros Chinchinian<\/p>\t\t\t\t\t\t\t\t<\/div>\n\t\t\t\t<\/div>\n\t\t\t\t\t<\/div>\n\t\t<\/div>\n\t\t\t\t\t<\/div>\n\t\t<\/section>\n\t\t\t\t<section class=\"elementor-section elementor-top-section elementor-element elementor-element-afa6f77 elementor-section-boxed elementor-section-height-default elementor-section-height-default\" data-id=\"afa6f77\" data-element_type=\"section\" data-e-type=\"section\">\n\t\t\t\t\t\t<div class=\"elementor-container elementor-column-gap-default\">\n\t\t\t\t\t\t<\/div>\n\t\t<\/section>\n\t\t\t\t<section class=\"elementor-section elementor-top-section elementor-element elementor-element-800cda6 elementor-section-boxed elementor-section-height-default elementor-section-height-default\" data-id=\"800cda6\" data-element_type=\"section\" data-e-type=\"section\">\n\t\t\t\t\t\t<div class=\"elementor-container elementor-column-gap-default\">\n\t\t\t\t\t\t<\/div>\n\t\t<\/section>\n\t\t\t\t<section class=\"elementor-section elementor-top-section elementor-element elementor-element-1cc155a elementor-section-boxed elementor-section-height-default elementor-section-height-default\" data-id=\"1cc155a\" data-element_type=\"section\" data-e-type=\"section\">\n\t\t\t\t\t\t<div class=\"elementor-container elementor-column-gap-default\">\n\t\t\t\t\t\t<\/div>\n\t\t<\/section>\n\t\t\t\t<\/div>\n\t\t","protected":false},"excerpt":{"rendered":"<p>Le Conseil Dioc\u00e9sain, avec le Primat comme Pr\u00e9sident, est l&rsquo;Organe ex\u00e9cutif du Dioc\u00e8se. Tout membre de l&rsquo;Assembl\u00e9e dioc\u00e9saine est \u00e9ligible d\u2019\u00eatre \u00e9lu au Conseil dioc\u00e9sain. Les membres du Conseil dioc\u00e9sain sont \u00e9lus pour un mandat de trois ans. Membres du Conseil dioc\u00e9sainSa Gr\u00e2ce l\u2019\u00c9v\u00eaque Abgar HovakimyanR\u00e9v. Archipr\u00eatre Zareh ZargarianR\u00e9v. Archipr\u00eatre Keghart GarabedianR\u00e9v. Pr\u00eatre Komidas MirzakhanianM. [&hellip;]<\/p>\n","protected":false},"author":4,"featured_media":0,"parent":12954,"menu_order":0,"comment_status":"closed","ping_status":"closed","template":"elementor_header_footer","meta":{"give_campaign_id":0,"footnotes":""},"class_list":["post-12995","page","type-page","status-publish","hentry"],"aioseo_notices":[],"campaignId":"","_links":{"self":[{"href":"https:\/\/armenianchurch.ca\/fr\/wp-json\/wp\/v2\/pages\/12995","targetHints":{"allow":["GET"]}}],"collection":[{"href":"https:\/\/armenianchurch.ca\/fr\/wp-json\/wp\/v2\/pages"}],"about":[{"href":"https:\/\/armenianchurch.ca\/fr\/wp-json\/wp\/v2\/types\/page"}],"author":[{"embeddable":true,"href":"https:\/\/armenianchurch.ca\/fr\/wp-json\/wp\/v2\/users\/4"}],"replies":[{"embeddable":true,"href":"https:\/\/armenianchurch.ca\/fr\/wp-json\/wp\/v2\/comments?post=12995"}],"version-history":[{"count":7,"href":"https:\/\/armenianchurch.ca\/fr\/wp-json\/wp\/v2\/pages\/12995\/revisions"}],"predecessor-version":[{"id":21568,"href":"https:\/\/armenianchurch.ca\/fr\/wp-json\/wp\/v2\/pages\/12995\/revisions\/21568"}],"up":[{"embeddable":true,"href":"https:\/\/armenianchurch.ca\/fr\/wp-json\/wp\/v2\/pages\/12954"}],"wp:attachment":[{"href":"https:\/\/armenianchurch.ca\/fr\/wp-json\/wp\/v2\/media?parent=12995"}],"curies":[{"name":"wp","href":"https:\/\/api.w.org\/{rel}","templated":true}]}}