{"id":13050,"date":"2019-07-20T13:55:06","date_gmt":"2019-07-20T17:55:06","guid":{"rendered":"https:\/\/www.armenianchurch.ca\/personnel-diocesain"},"modified":"2025-09-26T21:05:01","modified_gmt":"2025-09-26T21:05:01","slug":"personnel-diocesain","status":"publish","type":"page","link":"https:\/\/armenianchurch.ca\/fr\/personnel-diocesain","title":{"rendered":"Personnel dioc\u00e9sain"},"content":{"rendered":"<p><b>Sa Gr\u00e2ce l\u2019\u00c9v\u00eaque Abgar Hovakimyan (nom de bapt\u00eame Samvel Avakimyan)<br \/>\n<\/b>Primat<br \/>\n<a href=\"https:\/\/www.google.com\/maps\/dir\/45.5177756,-73.6113687\/615+Avenue+Stuart,+Outremont,+QC+H2V+3H2,+Canada\/@45.5179272,-73.6135963,17z\/data=!4m9!4m8!1m1!4e1!1m5!1m1!1s0x4cc9199cb970593d:0x234d42b054cbdc17!2m2!1d-73.6113139!2d45.5180789\" target=\"_blank\" rel=\"noopener noreferrer\">615 ave Stuart, Outremont, QC H2V 3H2<\/a><br \/>\nT\u00e9l.: <a href=\"tel:(514) 276-9479\">(514) 276-9479<\/a><br \/>\nFax: (514) 276-9960<br \/>\nCourriel: <a href=\"mailto:contact@armenianchurch.ca\">contact@armenianchurch.ca<\/a><\/p>\n<p><b>M. Levon Isakhanyan<br \/>\n<\/b>Chancelier<br \/>\n<a href=\"https:\/\/www.google.com\/maps\/dir\/45.5177756,-73.6113687\/615+Avenue+Stuart,+Outremont,+QC+H2V+3H2,+Canada\/@45.5179272,-73.6135963,17z\/data=!4m9!4m8!1m1!4e1!1m5!1m1!1s0x4cc9199cb970593d:0x234d42b054cbdc17!2m2!1d-73.6113139!2d45.5180789\" target=\"_blank\" rel=\"noopener noreferrer\">615 ave Stuart, Outremont, QC H2V 3H2<\/a><br \/>\nT\u00e9l.: <a href=\"tel:(514) 276-9479\">(514) 276-9479<\/a><br \/>\nFax: (514) 276-9960<br \/>\nCourriel: <a href=\"mailto:contact@armenianchurch.ca\">contact@armenianchurch.ca<\/a><\/p>\n<p><b>Mme. Mania Keshishian<br \/>\n<\/b>Secr\u00e9taire<br \/>\n<a href=\"https:\/\/www.google.com\/maps\/dir\/45.5177756,-73.6113687\/615+Avenue+Stuart,+Outremont,+QC+H2V+3H2,+Canada\/@45.5179272,-73.6135963,17z\/data=!4m9!4m8!1m1!4e1!1m5!1m1!1s0x4cc9199cb970593d:0x234d42b054cbdc17!2m2!1d-73.6113139!2d45.5180789\" target=\"_blank\" rel=\"noopener noreferrer\">615 ave Stuart, Outremont, QC H2V 3H2<\/a><br \/>\nT\u00e9l.: <a href=\"tel:(514) 276-9479\">(514) 276-9479<\/a><br \/>\nFax: (514) 276-9960<br \/>\nCourriel: <a href=\"mailto:contact@armenianchurch.ca\">contact@armenianchurch.ca<\/a><\/p>\n","protected":false},"excerpt":{"rendered":"<p>Sa Gr\u00e2ce l\u2019\u00c9v\u00eaque Abgar Hovakimyan (nom de bapt\u00eame Samvel Avakimyan) Primat 615 ave Stuart, Outremont, QC H2V 3H2 T\u00e9l.: (514) 276-9479 Fax: (514) 276-9960 Courriel: contact@armenianchurch.ca M. Levon Isakhanyan Chancelier 615 ave Stuart, Outremont, QC H2V 3H2 T\u00e9l.: (514) 276-9479 Fax: (514) 276-9960 Courriel: contact@armenianchurch.ca Mme. Mania Keshishian Secr\u00e9taire 615 ave Stuart, Outremont, QC H2V [&hellip;]<\/p>\n","protected":false},"author":4,"featured_media":0,"parent":0,"menu_order":0,"comment_status":"closed","ping_status":"closed","template":"","meta":{"give_campaign_id":0,"footnotes":""},"class_list":["post-13050","page","type-page","status-publish","hentry"],"aioseo_notices":[],"campaignId":"","_links":{"self":[{"href":"https:\/\/armenianchurch.ca\/fr\/wp-json\/wp\/v2\/pages\/13050","targetHints":{"allow":["GET"]}}],"collection":[{"href":"https:\/\/armenianchurch.ca\/fr\/wp-json\/wp\/v2\/pages"}],"about":[{"href":"https:\/\/armenianchurch.ca\/fr\/wp-json\/wp\/v2\/types\/page"}],"author":[{"embeddable":true,"href":"https:\/\/armenianchurch.ca\/fr\/wp-json\/wp\/v2\/users\/4"}],"replies":[{"embeddable":true,"href":"https:\/\/armenianchurch.ca\/fr\/wp-json\/wp\/v2\/comments?post=13050"}],"version-history":[{"count":3,"href":"https:\/\/armenianchurch.ca\/fr\/wp-json\/wp\/v2\/pages\/13050\/revisions"}],"predecessor-version":[{"id":22551,"href":"https:\/\/armenianchurch.ca\/fr\/wp-json\/wp\/v2\/pages\/13050\/revisions\/22551"}],"wp:attachment":[{"href":"https:\/\/armenianchurch.ca\/fr\/wp-json\/wp\/v2\/media?parent=13050"}],"curies":[{"name":"wp","href":"https:\/\/api.w.org\/{rel}","templated":true}]}}