{"id":13055,"date":"2019-07-21T17:00:30","date_gmt":"2019-07-21T21:00:30","guid":{"rendered":"https:\/\/www.armenianchurch.ca\/le-catholicos-de-tous-les-armeniens"},"modified":"2020-08-25T08:37:50","modified_gmt":"2020-08-25T12:37:50","slug":"le-catholicos-de-tous-les-armeniens","status":"publish","type":"page","link":"https:\/\/armenianchurch.ca\/fr\/le-catholicos-de-tous-les-armeniens","title":{"rendered":"Le Catholicos de tous les arm\u00e9niens"},"content":{"rendered":"\t\t<div data-elementor-type=\"wp-page\" data-elementor-id=\"13055\" class=\"elementor elementor-13055 elementor-10552\">\n\t\t\t\t\t\t<section class=\"elementor-section elementor-top-section elementor-element elementor-element-148e44a elementor-section-boxed elementor-section-height-default elementor-section-height-default\" data-id=\"148e44a\" data-element_type=\"section\" data-e-type=\"section\">\n\t\t\t\t\t\t<div class=\"elementor-container elementor-column-gap-default\">\n\t\t\t\t\t<div class=\"elementor-column elementor-col-20 elementor-top-column elementor-element elementor-element-030d7be\" data-id=\"030d7be\" data-element_type=\"column\" data-e-type=\"column\">\n\t\t\t<div class=\"elementor-widget-wrap\">\n\t\t\t\t\t\t\t<\/div>\n\t\t<\/div>\n\t\t\t\t<div class=\"elementor-column elementor-col-20 elementor-top-column elementor-element elementor-element-bc510f5 elementor-hidden-phone\" data-id=\"bc510f5\" data-element_type=\"column\" data-e-type=\"column\">\n\t\t\t<div class=\"elementor-widget-wrap elementor-element-populated\">\n\t\t\t\t\t\t<div class=\"elementor-element elementor-element-4bcc0fe elementor-widget elementor-widget-image\" data-id=\"4bcc0fe\" data-element_type=\"widget\" data-e-type=\"widget\" data-widget_type=\"image.default\">\n\t\t\t\t<div class=\"elementor-widget-container\">\n\t\t\t\t\t\t\t\t\t\t\t\t\t\t\t<img fetchpriority=\"high\" decoding=\"async\" width=\"630\" height=\"920\" src=\"https:\/\/armenianchurch.ca\/wp-content\/uploads\/2019\/11\/Angel_Right.svg\" class=\"attachment-large size-large wp-image-12565\" alt=\"\" \/>\t\t\t\t\t\t\t\t\t\t\t\t\t\t\t<\/div>\n\t\t\t\t<\/div>\n\t\t\t\t\t<\/div>\n\t\t<\/div>\n\t\t\t\t<div class=\"elementor-column elementor-col-20 elementor-top-column elementor-element elementor-element-67943d2\" data-id=\"67943d2\" data-element_type=\"column\" data-e-type=\"column\">\n\t\t\t<div class=\"elementor-widget-wrap elementor-element-populated\">\n\t\t\t\t\t\t<div class=\"elementor-element elementor-element-510bfef sf-heading--decor-image elementor-widget elementor-widget-sf-heading\" data-id=\"510bfef\" data-element_type=\"widget\" data-e-type=\"widget\" data-widget_type=\"sf-heading.default\">\n\t\t\t\t<div class=\"elementor-widget-container\">\n\t\t\t\t\t        <div class=\"sf-heading\">\n                                    <h2 class=\"sf-heading__title\">Sa Saintet\u00e9 Kar\u00e9kine II<\/h2>                                <\/div>\n        \t\t\t\t<\/div>\n\t\t\t\t<\/div>\n\t\t\t\t<div class=\"elementor-element elementor-element-98959b5 sf-heading--decor-image elementor-widget elementor-widget-sf-heading\" data-id=\"98959b5\" data-element_type=\"widget\" data-e-type=\"widget\" data-widget_type=\"sf-heading.default\">\n\t\t\t\t<div class=\"elementor-widget-container\">\n\t\t\t\t\t        <div class=\"sf-heading\">\n                                    <h2 class=\"sf-heading__title\">Patriarche Supr\u00eame et Catholicos de tous les Arm\u00e9niens<\/h2>                                <\/div>\n        \t\t\t\t<\/div>\n\t\t\t\t<\/div>\n\t\t\t\t\t<\/div>\n\t\t<\/div>\n\t\t\t\t<div class=\"elementor-column elementor-col-20 elementor-top-column elementor-element elementor-element-c4fcf81 elementor-hidden-phone\" data-id=\"c4fcf81\" data-element_type=\"column\" data-e-type=\"column\">\n\t\t\t<div class=\"elementor-widget-wrap elementor-element-populated\">\n\t\t\t\t\t\t<div class=\"elementor-element elementor-element-5152381 elementor-widget elementor-widget-image\" data-id=\"5152381\" data-element_type=\"widget\" data-e-type=\"widget\" data-widget_type=\"image.default\">\n\t\t\t\t<div class=\"elementor-widget-container\">\n\t\t\t\t\t\t\t\t\t\t\t\t\t\t\t<img decoding=\"async\" width=\"630\" height=\"920\" src=\"https:\/\/armenianchurch.ca\/wp-content\/uploads\/2019\/11\/Angel_Left.svg\" class=\"attachment-large size-large wp-image-12564\" alt=\"\" \/>\t\t\t\t\t\t\t\t\t\t\t\t\t\t\t<\/div>\n\t\t\t\t<\/div>\n\t\t\t\t\t<\/div>\n\t\t<\/div>\n\t\t\t\t<div class=\"elementor-column elementor-col-20 elementor-top-column elementor-element elementor-element-07b0f12 elementor-hidden-tablet elementor-hidden-phone\" data-id=\"07b0f12\" data-element_type=\"column\" data-e-type=\"column\">\n\t\t\t<div class=\"elementor-widget-wrap\">\n\t\t\t\t\t\t\t<\/div>\n\t\t<\/div>\n\t\t\t\t\t<\/div>\n\t\t<\/section>\n\t\t\t\t<section class=\"elementor-section elementor-top-section elementor-element elementor-element-4eac825 elementor-section-boxed elementor-section-height-default elementor-section-height-default\" data-id=\"4eac825\" data-element_type=\"section\" data-e-type=\"section\">\n\t\t\t\t\t\t<div class=\"elementor-container elementor-column-gap-default\">\n\t\t\t\t\t<div class=\"elementor-column elementor-col-100 elementor-top-column elementor-element elementor-element-f8a6a31\" data-id=\"f8a6a31\" data-element_type=\"column\" data-e-type=\"column\">\n\t\t\t<div class=\"elementor-widget-wrap elementor-element-populated\">\n\t\t\t\t\t\t<div class=\"elementor-element elementor-element-d2e1b0c elementor-widget elementor-widget-image\" data-id=\"d2e1b0c\" data-element_type=\"widget\" data-e-type=\"widget\" data-widget_type=\"image.default\">\n\t\t\t\t<div class=\"elementor-widget-container\">\n\t\t\t\t\t\t\t\t\t\t\t\t\t\t\t<img decoding=\"async\" src=\"https:\/\/armenianchurch.ca\/wp-content\/uploads\/elementor\/thumbs\/Vehapar-oc10yvxx26o4hv8o5gp1g8qw65lfx7bw43t6xbds8m.jpg\" title=\"Vehapar\" alt=\"Vehapar\" loading=\"lazy\" \/>\t\t\t\t\t\t\t\t\t\t\t\t\t\t\t<\/div>\n\t\t\t\t<\/div>\n\t\t\t\t\t<\/div>\n\t\t<\/div>\n\t\t\t\t\t<\/div>\n\t\t<\/section>\n\t\t\t\t<section class=\"elementor-section elementor-top-section elementor-element elementor-element-79be443 elementor-section-boxed elementor-section-height-default elementor-section-height-default\" data-id=\"79be443\" data-element_type=\"section\" data-e-type=\"section\">\n\t\t\t\t\t\t<div class=\"elementor-container elementor-column-gap-default\">\n\t\t\t\t\t<div class=\"elementor-column elementor-col-100 elementor-top-column elementor-element elementor-element-2ee155ca\" data-id=\"2ee155ca\" data-element_type=\"column\" data-e-type=\"column\">\n\t\t\t<div class=\"elementor-widget-wrap elementor-element-populated\">\n\t\t\t\t\t\t<div class=\"elementor-element elementor-element-32d861ad elementor-widget elementor-widget-text-editor\" data-id=\"32d861ad\" data-element_type=\"widget\" data-e-type=\"widget\" data-widget_type=\"text-editor.default\">\n\t\t\t\t<div class=\"elementor-widget-container\">\n\t\t\t\t\t\t\t\t\t<p style=\"text-align: justify;\">Sa Saintet\u00e9 Kar\u00e9kine II, Patriarche Supr\u00eame et Catholicos de tous les Arm\u00e9niens, est le 132e successeur \u00e0 occuper le tr\u00f4ne de Saint Gr\u00e9goire l\u2019Illuminateur au Saint-Si\u00e8ge d\u2019Etchmiadzine.<\/p><p style=\"text-align: justify;\">Le Catholicos, Patriarche Supr\u00eame de tous les Arm\u00e9niens, est le Chef spirituel mondial de l\u2019\u00c9glise nationale Apostolique Arm\u00e9nienne, pour les Arm\u00e9niens en Arm\u00e9nie et dans la Diaspora. Chef spirituel et Pontife de pr\u00e8s de 9 millions chr\u00e9tiens Apostoliques Orthodoxe arm\u00e9niens, dispers\u00e9s dans le monde entier.<\/p><p style=\"text-align: justify;\">Le Chef supr\u00eame de l&rsquo;\u00c9glise est J\u00e9sus-Christ. Dans la hi\u00e9rarchie de l&rsquo;\u00c9glise apostolique arm\u00e9nienne, le Catholicos, terme grec qui signifie \u00abdirigeant universel de l&rsquo;\u00c9glise\u00bb, occupe une position sup\u00e9rieure \u00e0 celle des Patriarches, Archev\u00eaques et \u00c9v\u00eaques de l&rsquo;\u00c9glise arm\u00e9nienne. Il est g\u00e9n\u00e9ralement choisi parmi les \u00c9v\u00eaques et, une fois \u00e9lu, il est consid\u00e9r\u00e9 comme le \u00abPremier parmi ses pairs\u00bb. Le Catholicos est consacr\u00e9 par 12 \u00c9v\u00eaques.<\/p><p style=\"text-align: justify;\">Le Catholicos repr\u00e9sente l&rsquo;autorit\u00e9 centralis\u00e9e de l&rsquo;\u00c9glise arm\u00e9nienne. Il est le juge supr\u00eame et le chef du corps l\u00e9gislatif. Il est Pr\u00e9sident du Conseil supr\u00eame Eccl\u00e9siastique et du Coll\u00e8ge des \u00c9v\u00eaques. L&rsquo;ordination des \u00c9v\u00eaques, la cons\u00e9cration du Saint-Chr\u00eame, la proclamation des f\u00eates, l&rsquo;invitation et la destitution d&rsquo;Assembl\u00e9es Eccl\u00e9siastiques Nationales, la publication d\u2019encycliques concernant l&rsquo;administration de l&rsquo;\u00c9glise arm\u00e9nienne et la cr\u00e9ation de Dioc\u00e8ses font partie de ses fonctions et responsabilit\u00e9s.<\/p><p style=\"text-align: justify;\">L&rsquo;Assembl\u00e9e Eccl\u00e9siastique Nationale, convoqu\u00e9e au Saint-Si\u00e8ge d\u2019 Etchmiadzine, \u00e9lit le Catholicos \u00e0 vie<\/p><p style=\"text-align: justify;\">Le Catholicos de tous les Arm\u00e9niens repr\u00e9sente la succession apostolique en Arm\u00e9nie, o\u00f9, par une lign\u00e9e d\u2019\u00c9v\u00eaques se succ\u00e9dant, le minist\u00e8re de l\u2019\u00c9glise chr\u00e9tienne, confi\u00e9 aux ap\u00f4tres par J\u00e9sus-Christ, a \u00e9t\u00e9 transmis jusqu\u2019\u00e0 nos jours. Il est inconcevable d\u2019imaginer l\u2019\u00c9glise arm\u00e9nienne sans la fonction \u00ab d\u2019\u00c9v\u00eaque en chef \u00bb ou de \u00abCatholicos de tous les Arm\u00e9niens\u00bb. Sans l\u2019\u00c9piscopat, les chr\u00e9tiens d\u2019Arm\u00e9nie seraient sous la juridiction d\u2019un Siege voisin; et le christianisme arm\u00e9nien aujourd\u2019hui ne serait pas une entit\u00e9 distincte avec ses caract\u00e9ristiques et son identit\u00e9 nationale.<\/p><p style=\"text-align: justify;\">Le premier Catholicos de tous les Arm\u00e9niens \u00e9tait Saint Gr\u00e9goire l&rsquo;Illuminateur. Saint Gr\u00e9goire a \u00e9t\u00e9 consacr\u00e9 \u00e0 C\u00e9sar\u00e9e par les \u00c9v\u00eaques de Cappadoce, en 301 apr\u00e8s J.-C., pour \u00e9tablir l&rsquo;\u00c9piscopat de la Nation arm\u00e9nienne par succession apostolique. Saint Gr\u00e9goire a organis\u00e9 la hi\u00e9rarchie de l&rsquo;\u00c9glise arm\u00e9nienne selon les principes du syst\u00e8me administratif de l&rsquo;\u00c9tat arm\u00e9nien. Il a ordonn\u00e9 un \u00c9v\u00eaque pour chaque principaut\u00e9 d&rsquo;Arm\u00e9nie. Ces \u00c9v\u00eaques \u00e9taient sous la juridiction de l&rsquo;\u00c9v\u00eaque en chef d&rsquo;Arm\u00e9nie, qui fut plus tard connu comme le Catholicos de tous les Arm\u00e9niens.<\/p><p style=\"text-align: center;\">Le titre officiel de Sa Saintet\u00e9 est:<\/p><p style=\"text-align: center;\">Patriarche supr\u00eame et Catholicos de tous les Arm\u00e9niens<\/p><p style=\"text-align: center;\">Pour les documents officiels tels que les encycliques, le titre int\u00e9gral est le suivant:<\/p><p style=\"text-align: center;\"><strong>KAREKIN II, SERVITEUR DE J\u00c9SUS-CHRIST, <\/strong><br \/><strong>PAR LA MISERICORDE DE DIEU ET LA VOLONT\u00c9 DE LA NATION,<\/strong><br \/><strong>\u00c9V\u00caQUE EN CHEF ET CATHOLICOS DE TOUS LES ARM\u00c9NIENS,<\/strong><br \/><strong>PATRIARCHE SUPR\u00caME PANNATIONAL, PR\u00c9\u00c9MINENT DU SIEGE d\u2019ARARAT<\/strong><\/p>\t\t\t\t\t\t\t\t<\/div>\n\t\t\t\t<\/div>\n\t\t\t\t\t<\/div>\n\t\t<\/div>\n\t\t\t\t\t<\/div>\n\t\t<\/section>\n\t\t\t\t<section class=\"elementor-section elementor-top-section elementor-element elementor-element-271ee0e elementor-section-boxed elementor-section-height-default elementor-section-height-default\" data-id=\"271ee0e\" data-element_type=\"section\" data-e-type=\"section\">\n\t\t\t\t\t\t<div class=\"elementor-container elementor-column-gap-default\">\n\t\t\t\t\t<div class=\"elementor-column elementor-col-100 elementor-top-column elementor-element elementor-element-766939c\" data-id=\"766939c\" data-element_type=\"column\" data-e-type=\"column\">\n\t\t\t<div class=\"elementor-widget-wrap elementor-element-populated\">\n\t\t\t\t\t\t<div class=\"elementor-element elementor-element-be60f3d elementor-widget elementor-widget-video\" data-id=\"be60f3d\" data-element_type=\"widget\" data-e-type=\"widget\" data-settings=\"{&quot;youtube_url&quot;:&quot;https:\\\/\\\/www.youtube.com\\\/watch?v=QVRWSGWFB4E&quot;,&quot;video_type&quot;:&quot;youtube&quot;,&quot;controls&quot;:&quot;yes&quot;}\" data-widget_type=\"video.default\">\n\t\t\t\t<div class=\"elementor-widget-container\">\n\t\t\t\t\t\t\t<div class=\"elementor-wrapper elementor-open-inline\">\n\t\t\t<div class=\"elementor-video\"><\/div>\t\t<\/div>\n\t\t\t\t\t\t<\/div>\n\t\t\t\t<\/div>\n\t\t\t\t\t<\/div>\n\t\t<\/div>\n\t\t\t\t\t<\/div>\n\t\t<\/section>\n\t\t\t\t<\/div>\n\t\t","protected":false},"excerpt":{"rendered":"<p>Sa Saintet\u00e9 Kar\u00e9kine II Patriarche Supr\u00eame et Catholicos de tous les Arm\u00e9niens Sa Saintet\u00e9 Kar\u00e9kine II, Patriarche Supr\u00eame et Catholicos de tous les Arm\u00e9niens, est le 132e successeur \u00e0 occuper le tr\u00f4ne de Saint Gr\u00e9goire l\u2019Illuminateur au Saint-Si\u00e8ge d\u2019Etchmiadzine. Le Catholicos, Patriarche Supr\u00eame de tous les Arm\u00e9niens, est le Chef spirituel mondial de l\u2019\u00c9glise nationale [&hellip;]<\/p>\n","protected":false},"author":4,"featured_media":13056,"parent":0,"menu_order":0,"comment_status":"closed","ping_status":"closed","template":"elementor_header_footer","meta":{"give_campaign_id":0,"footnotes":""},"class_list":["post-13055","page","type-page","status-publish","has-post-thumbnail","hentry"],"aioseo_notices":[],"campaignId":"","_links":{"self":[{"href":"https:\/\/armenianchurch.ca\/fr\/wp-json\/wp\/v2\/pages\/13055","targetHints":{"allow":["GET"]}}],"collection":[{"href":"https:\/\/armenianchurch.ca\/fr\/wp-json\/wp\/v2\/pages"}],"about":[{"href":"https:\/\/armenianchurch.ca\/fr\/wp-json\/wp\/v2\/types\/page"}],"author":[{"embeddable":true,"href":"https:\/\/armenianchurch.ca\/fr\/wp-json\/wp\/v2\/users\/4"}],"replies":[{"embeddable":true,"href":"https:\/\/armenianchurch.ca\/fr\/wp-json\/wp\/v2\/comments?post=13055"}],"version-history":[{"count":6,"href":"https:\/\/armenianchurch.ca\/fr\/wp-json\/wp\/v2\/pages\/13055\/revisions"}],"predecessor-version":[{"id":20551,"href":"https:\/\/armenianchurch.ca\/fr\/wp-json\/wp\/v2\/pages\/13055\/revisions\/20551"}],"wp:featuredmedia":[{"embeddable":true,"href":"https:\/\/armenianchurch.ca\/fr\/wp-json\/wp\/v2\/media\/13056"}],"wp:attachment":[{"href":"https:\/\/armenianchurch.ca\/fr\/wp-json\/wp\/v2\/media?parent=13055"}],"curies":[{"name":"wp","href":"https:\/\/api.w.org\/{rel}","templated":true}]}}