{"id":13062,"date":"2019-07-21T17:18:13","date_gmt":"2019-07-21T21:18:13","guid":{"rendered":"https:\/\/www.armenianchurch.ca\/saint-siege-detchmiadzin"},"modified":"2020-09-15T10:43:14","modified_gmt":"2020-09-15T14:43:14","slug":"saint-siege-detchmiadzin","status":"publish","type":"page","link":"https:\/\/armenianchurch.ca\/fr\/saint-siege-detchmiadzin","title":{"rendered":"Saint-Si\u00e8ge d&rsquo;Etchmiadzin"},"content":{"rendered":"\t\t<div data-elementor-type=\"wp-page\" data-elementor-id=\"13062\" class=\"elementor elementor-13062 elementor-10560\">\n\t\t\t\t\t\t<section class=\"elementor-section elementor-top-section elementor-element elementor-element-5efd307 elementor-section-boxed elementor-section-height-default elementor-section-height-default\" data-id=\"5efd307\" data-element_type=\"section\" data-e-type=\"section\">\n\t\t\t\t\t\t<div class=\"elementor-container elementor-column-gap-default\">\n\t\t\t\t\t<div class=\"elementor-column elementor-col-20 elementor-top-column elementor-element elementor-element-f538846\" data-id=\"f538846\" data-element_type=\"column\" data-e-type=\"column\">\n\t\t\t<div class=\"elementor-widget-wrap\">\n\t\t\t\t\t\t\t<\/div>\n\t\t<\/div>\n\t\t\t\t<div class=\"elementor-column elementor-col-20 elementor-top-column elementor-element elementor-element-e9726c8 elementor-hidden-phone\" data-id=\"e9726c8\" data-element_type=\"column\" data-e-type=\"column\">\n\t\t\t<div class=\"elementor-widget-wrap elementor-element-populated\">\n\t\t\t\t\t\t<div class=\"elementor-element elementor-element-92bd891 elementor-widget elementor-widget-image\" data-id=\"92bd891\" data-element_type=\"widget\" data-e-type=\"widget\" data-widget_type=\"image.default\">\n\t\t\t\t<div class=\"elementor-widget-container\">\n\t\t\t\t\t\t\t\t\t\t\t\t\t\t\t<img fetchpriority=\"high\" decoding=\"async\" width=\"630\" height=\"920\" src=\"https:\/\/armenianchurch.ca\/wp-content\/uploads\/2019\/11\/Angel_Right.svg\" class=\"attachment-large size-large wp-image-12565\" alt=\"\" \/>\t\t\t\t\t\t\t\t\t\t\t\t\t\t\t<\/div>\n\t\t\t\t<\/div>\n\t\t\t\t\t<\/div>\n\t\t<\/div>\n\t\t\t\t<div class=\"elementor-column elementor-col-20 elementor-top-column elementor-element elementor-element-e835dd2\" data-id=\"e835dd2\" data-element_type=\"column\" data-e-type=\"column\">\n\t\t\t<div class=\"elementor-widget-wrap elementor-element-populated\">\n\t\t\t\t\t\t<div class=\"elementor-element elementor-element-c4a5a97 sf-heading--decor-image elementor-widget elementor-widget-sf-heading\" data-id=\"c4a5a97\" data-element_type=\"widget\" data-e-type=\"widget\" data-widget_type=\"sf-heading.default\">\n\t\t\t\t<div class=\"elementor-widget-container\">\n\t\t\t\t\t        <div class=\"sf-heading\">\n                                    <h2 class=\"sf-heading__title\">LE SAINT-SI\u00c8GE D\u2019ETCHMIADZINE<\/h2>                                <\/div>\n        \t\t\t\t<\/div>\n\t\t\t\t<\/div>\n\t\t\t\t<div class=\"elementor-element elementor-element-5ed71ae sf-heading--decor-image elementor-widget elementor-widget-sf-heading\" data-id=\"5ed71ae\" data-element_type=\"widget\" data-e-type=\"widget\" data-widget_type=\"sf-heading.default\">\n\t\t\t\t<div class=\"elementor-widget-container\">\n\t\t\t\t\t        <div class=\"sf-heading\">\n                                    <h2 class=\"sf-heading__title\">LE CENTRE SPIRITUEL DE TOUS LES ARM\u00c9NIENS\n<\/h2>                                <\/div>\n        \t\t\t\t<\/div>\n\t\t\t\t<\/div>\n\t\t\t\t\t<\/div>\n\t\t<\/div>\n\t\t\t\t<div class=\"elementor-column elementor-col-20 elementor-top-column elementor-element elementor-element-d3e8889 elementor-hidden-phone\" data-id=\"d3e8889\" data-element_type=\"column\" data-e-type=\"column\">\n\t\t\t<div class=\"elementor-widget-wrap elementor-element-populated\">\n\t\t\t\t\t\t<div class=\"elementor-element elementor-element-8e9abc0 elementor-widget elementor-widget-image\" data-id=\"8e9abc0\" data-element_type=\"widget\" data-e-type=\"widget\" data-widget_type=\"image.default\">\n\t\t\t\t<div class=\"elementor-widget-container\">\n\t\t\t\t\t\t\t\t\t\t\t\t\t\t\t<img decoding=\"async\" width=\"630\" height=\"920\" src=\"https:\/\/armenianchurch.ca\/wp-content\/uploads\/2019\/11\/Angel_Left.svg\" class=\"attachment-large size-large wp-image-12564\" alt=\"\" \/>\t\t\t\t\t\t\t\t\t\t\t\t\t\t\t<\/div>\n\t\t\t\t<\/div>\n\t\t\t\t\t<\/div>\n\t\t<\/div>\n\t\t\t\t<div class=\"elementor-column elementor-col-20 elementor-top-column elementor-element elementor-element-3fbb10c elementor-hidden-tablet elementor-hidden-phone\" data-id=\"3fbb10c\" data-element_type=\"column\" data-e-type=\"column\">\n\t\t\t<div class=\"elementor-widget-wrap\">\n\t\t\t\t\t\t\t<\/div>\n\t\t<\/div>\n\t\t\t\t\t<\/div>\n\t\t<\/section>\n\t\t\t\t<section class=\"elementor-section elementor-top-section elementor-element elementor-element-ed3f9b3 elementor-section-boxed elementor-section-height-default elementor-section-height-default\" data-id=\"ed3f9b3\" data-element_type=\"section\" data-e-type=\"section\">\n\t\t\t\t\t\t<div class=\"elementor-container elementor-column-gap-default\">\n\t\t\t\t\t<div class=\"elementor-column elementor-col-100 elementor-top-column elementor-element elementor-element-e29dd88\" data-id=\"e29dd88\" data-element_type=\"column\" data-e-type=\"column\">\n\t\t\t<div class=\"elementor-widget-wrap elementor-element-populated\">\n\t\t\t\t\t\t<div class=\"elementor-element elementor-element-41b9349 elementor-widget elementor-widget-image\" data-id=\"41b9349\" data-element_type=\"widget\" data-e-type=\"widget\" data-widget_type=\"image.default\">\n\t\t\t\t<div class=\"elementor-widget-container\">\n\t\t\t\t\t\t\t\t\t\t\t\t\t\t\t<img decoding=\"async\" src=\"https:\/\/armenianchurch.ca\/wp-content\/uploads\/elementor\/thumbs\/Etchmiadzin111-e1564585840430-obl4wp87mqs4ndg1qihas44097pwjvu5cch73el45a.jpg\" title=\"Etchmiadzin111\" alt=\"Etchmiadzin111\" loading=\"lazy\" \/>\t\t\t\t\t\t\t\t\t\t\t\t\t\t\t<\/div>\n\t\t\t\t<\/div>\n\t\t\t\t\t<\/div>\n\t\t<\/div>\n\t\t\t\t\t<\/div>\n\t\t<\/section>\n\t\t\t\t<section class=\"elementor-section elementor-top-section elementor-element elementor-element-2848d608 elementor-section-boxed elementor-section-height-default elementor-section-height-default\" data-id=\"2848d608\" data-element_type=\"section\" data-e-type=\"section\">\n\t\t\t\t\t\t<div class=\"elementor-container elementor-column-gap-default\">\n\t\t\t\t\t<div class=\"elementor-column elementor-col-100 elementor-top-column elementor-element elementor-element-61759b50\" data-id=\"61759b50\" data-element_type=\"column\" data-e-type=\"column\">\n\t\t\t<div class=\"elementor-widget-wrap elementor-element-populated\">\n\t\t\t\t\t\t<div class=\"elementor-element elementor-element-4b57a41a elementor-widget elementor-widget-text-editor\" data-id=\"4b57a41a\" data-element_type=\"widget\" data-e-type=\"widget\" data-widget_type=\"text-editor.default\">\n\t\t\t\t<div class=\"elementor-widget-container\">\n\t\t\t\t\t\t\t\t\t<p style=\"text-align: justify;\">Le Saint-Si\u00e8ge d\u2019Etchmiadzine est le Si\u00e8ge spirituel et administratif de l&rsquo;\u00c9glise arm\u00e9nienne mondiale.<\/p><p style=\"text-align: justify;\">Situ\u00e9 sur le site du Saint-Si\u00e8ge on trouve le quartier g\u00e9n\u00e9ral spirituel et administratif de l&rsquo;\u00c9glise arm\u00e9nienne mondiale et la r\u00e9sidence de Sa Saintet\u00e9 Kar\u00e9kine II, Catholicos et Patriarche Supr\u00eame de tous les Arm\u00e9niens.<\/p><p style=\"text-align: justify;\">La Cath\u00e9drale m\u00e8re, fond\u00e9e par la descente du Christ, construite par saint Gr\u00e9goire l&rsquo;Illuminateur et le roi Tiridate III en 303 apr\u00e8s JC, est devenue un symbole de la foi arm\u00e9nienne, de la nation et du peuple arm\u00e9niens \u00e0 travers le temps. Aucune autre silhouette n&rsquo;est aussi instantan\u00e9ment reconnue par les Arm\u00e9niens du monde entier.<\/p><p style=\"text-align: justify;\">Saint Gr\u00e9goire a choisi l\u2019emplacement de la Cath\u00e9drale conform\u00e9ment \u00e0 une vision qu\u2019il avait eu dans son r\u00eave, o\u00f9 il aper\u00e7ut \u00ab Miatsin \u00bb, le Fils unique de Dieu, le visage \u00e9clair\u00e9 par une lumi\u00e8re scintillante, descendant des cieux et avec un marteau en or frappant le sol lui indiquant l\u2019endroit o\u00f9 il devait construire son \u00c9glise. D\u2019o\u00f9 le nom \u00ab Etchmiadzine \u00bb, qui se traduit litt\u00e9ralement par \u00ab l\u2019endroit o\u00f9 le Fils unique de Dieu est descendu \u00bb.<\/p><p style=\"text-align: justify;\">Les nombreux mus\u00e9es, biblioth\u00e8ques et la Cath\u00e9drale m\u00e8re m\u00eame, conservent une richesse vaste d\u2019histoire et de tr\u00e9sors. Le Saint-Si\u00e8ge est responsable de la pr\u00e9servation des art\u00e9facts, \u00e0 la fois cr\u00e9\u00e9s par l&rsquo;\u00c9glise ou donn\u00e9s comme cadeaux au cours des ann\u00e9es.<\/p><p style=\"text-align: justify;\">Les d\u00e9partements et les programmes de l&rsquo;\u00c9glise arm\u00e9nienne poursuivent le travail de notre pr\u00e9sent et de notre avenir. Sous la gouverne bienveillante et les conseils de Sa Saintet\u00e9 Kar\u00e9kine II, Patriarche Supr\u00eame et Catholicos de tous les Arm\u00e9niens, le Saint-Si\u00e8ge administre des programmes sociaux, culturels et \u00e9ducatifs pour l&rsquo;Arm\u00e9nie et la diaspora.<\/p>\t\t\t\t\t\t\t\t<\/div>\n\t\t\t\t<\/div>\n\t\t\t\t\t<\/div>\n\t\t<\/div>\n\t\t\t\t\t<\/div>\n\t\t<\/section>\n\t\t\t\t<section class=\"elementor-section elementor-top-section elementor-element elementor-element-3e5cc5d elementor-section-boxed elementor-section-height-default elementor-section-height-default\" data-id=\"3e5cc5d\" data-element_type=\"section\" data-e-type=\"section\">\n\t\t\t\t\t\t<div class=\"elementor-container elementor-column-gap-default\">\n\t\t\t\t\t<div class=\"elementor-column elementor-col-100 elementor-top-column elementor-element elementor-element-4e98a67\" data-id=\"4e98a67\" data-element_type=\"column\" data-e-type=\"column\">\n\t\t\t<div class=\"elementor-widget-wrap elementor-element-populated\">\n\t\t\t\t\t\t<div class=\"elementor-element elementor-element-12bdccc elementor-widget elementor-widget-video\" data-id=\"12bdccc\" data-element_type=\"widget\" data-e-type=\"widget\" data-settings=\"{&quot;youtube_url&quot;:&quot;https:\\\/\\\/www.youtube.com\\\/watch?v=5u721uALkd4&quot;,&quot;video_type&quot;:&quot;youtube&quot;,&quot;controls&quot;:&quot;yes&quot;}\" data-widget_type=\"video.default\">\n\t\t\t\t<div class=\"elementor-widget-container\">\n\t\t\t\t\t\t\t<div class=\"elementor-wrapper elementor-open-inline\">\n\t\t\t<div class=\"elementor-video\"><\/div>\t\t<\/div>\n\t\t\t\t\t\t<\/div>\n\t\t\t\t<\/div>\n\t\t\t\t\t<\/div>\n\t\t<\/div>\n\t\t\t\t\t<\/div>\n\t\t<\/section>\n\t\t\t\t<\/div>\n\t\t","protected":false},"excerpt":{"rendered":"<p>LE SAINT-SI\u00c8GE D\u2019ETCHMIADZINE LE CENTRE SPIRITUEL DE TOUS LES ARM\u00c9NIENS Le Saint-Si\u00e8ge d\u2019Etchmiadzine est le Si\u00e8ge spirituel et administratif de l&rsquo;\u00c9glise arm\u00e9nienne mondiale. Situ\u00e9 sur le site du Saint-Si\u00e8ge on trouve le quartier g\u00e9n\u00e9ral spirituel et administratif de l&rsquo;\u00c9glise arm\u00e9nienne mondiale et la r\u00e9sidence de Sa Saintet\u00e9 Kar\u00e9kine II, Catholicos et Patriarche Supr\u00eame de tous [&hellip;]<\/p>\n","protected":false},"author":4,"featured_media":0,"parent":0,"menu_order":0,"comment_status":"closed","ping_status":"closed","template":"elementor_header_footer","meta":{"give_campaign_id":0,"footnotes":""},"class_list":["post-13062","page","type-page","status-publish","hentry"],"aioseo_notices":[],"campaignId":"","_links":{"self":[{"href":"https:\/\/armenianchurch.ca\/fr\/wp-json\/wp\/v2\/pages\/13062","targetHints":{"allow":["GET"]}}],"collection":[{"href":"https:\/\/armenianchurch.ca\/fr\/wp-json\/wp\/v2\/pages"}],"about":[{"href":"https:\/\/armenianchurch.ca\/fr\/wp-json\/wp\/v2\/types\/page"}],"author":[{"embeddable":true,"href":"https:\/\/armenianchurch.ca\/fr\/wp-json\/wp\/v2\/users\/4"}],"replies":[{"embeddable":true,"href":"https:\/\/armenianchurch.ca\/fr\/wp-json\/wp\/v2\/comments?post=13062"}],"version-history":[{"count":5,"href":"https:\/\/armenianchurch.ca\/fr\/wp-json\/wp\/v2\/pages\/13062\/revisions"}],"predecessor-version":[{"id":20596,"href":"https:\/\/armenianchurch.ca\/fr\/wp-json\/wp\/v2\/pages\/13062\/revisions\/20596"}],"wp:attachment":[{"href":"https:\/\/armenianchurch.ca\/fr\/wp-json\/wp\/v2\/media?parent=13062"}],"curies":[{"name":"wp","href":"https:\/\/api.w.org\/{rel}","templated":true}]}}