{"id":13067,"date":"2019-07-22T13:56:54","date_gmt":"2019-07-22T17:56:54","guid":{"rendered":"https:\/\/www.armenianchurch.ca\/le-fonds-de-dotation"},"modified":"2022-04-21T01:42:57","modified_gmt":"2022-04-21T01:42:57","slug":"le-fonds-de-dotation","status":"publish","type":"page","link":"https:\/\/armenianchurch.ca\/fr\/le-fonds-de-dotation","title":{"rendered":"Le Fonds de dotation"},"content":{"rendered":"<p><a href=\"https:\/\/armenianchurch.ca\/wp-content\/uploads\/2022\/04\/Endofment-Fund-Logo.jpg\"><img fetchpriority=\"high\" decoding=\"async\" class=\"size-full wp-image-21800 aligncenter\" src=\"https:\/\/armenianchurch.ca\/wp-content\/uploads\/2022\/04\/Endofment-Fund-Logo.jpg\" alt=\"\" width=\"500\" height=\"500\" srcset=\"https:\/\/armenianchurch.ca\/wp-content\/uploads\/2022\/04\/Endofment-Fund-Logo.jpg 500w, https:\/\/armenianchurch.ca\/wp-content\/uploads\/2022\/04\/Endofment-Fund-Logo-300x300.jpg 300w, https:\/\/armenianchurch.ca\/wp-content\/uploads\/2022\/04\/Endofment-Fund-Logo-150x150.jpg 150w, https:\/\/armenianchurch.ca\/wp-content\/uploads\/2022\/04\/Endofment-Fund-Logo-380x380.jpg 380w\" sizes=\"(max-width: 500px) 100vw, 500px\" \/><\/a><\/p>\n<p style=\"text-align: justify;\">Le Fonds de dotation de dioc\u00e8se a \u00e9t\u00e9 cr\u00e9\u00e9 en 2005 afin de mettre \u00e0 la disposition du dioc\u00e8se une source permanente et croissante de revenus et pour le soutenir dans la r\u00e9alisation de ses programmes spirituels, culturels et nationaux.<\/p>\n<p style=\"text-align: justify;\">Le capital principal du Fonds est intouchable et seulement l\u2019int\u00e9r\u00eat qu\u2019il g\u00e9n\u00e8re peut \u00eatre utilis\u00e9 conform\u00e9ment aux v\u0153ux des donateurs particuliers.<\/p>\n<p style=\"text-align: justify;\">Le Fonds est g\u00e9r\u00e9 par un conseil d&rsquo;administration.<\/p>\n<p style=\"text-align: justify;\">Nous encourageons nos fid\u00e8les \u00e0 contribuer au Fonds de dotation et de participer aux activit\u00e9s \u00e0 venir de l\u2019\u00c9glise au Canada.<\/p>\n<p><strong>Membres du Conseil des fiduciaires<br \/>\n<\/strong>Sa Gr\u00e2ce l\u2019\u00c9v\u00eaque Abgar Hovakimyan<br \/>\nM. Vasken Altounian<br \/>\nM. Meguerditch Kanondjian<br \/>\nM. Allan Fenerdjian<br \/>\nM. Hovig Moushian<br \/>\nM. Richard Sevazlian<br \/>\nM. Bedros Chinchinian<br \/>\nM. Vant Tashdjian<\/p>\n","protected":false},"excerpt":{"rendered":"<p>Le Fonds de dotation de dioc\u00e8se a \u00e9t\u00e9 cr\u00e9\u00e9 en 2005 afin de mettre \u00e0 la disposition du dioc\u00e8se une source permanente et croissante de revenus et pour le soutenir dans la r\u00e9alisation de ses programmes spirituels, culturels et nationaux. Le capital principal du Fonds est intouchable et seulement l\u2019int\u00e9r\u00eat qu\u2019il g\u00e9n\u00e8re peut \u00eatre utilis\u00e9 [&hellip;]<\/p>\n","protected":false},"author":4,"featured_media":0,"parent":0,"menu_order":0,"comment_status":"closed","ping_status":"closed","template":"","meta":{"give_campaign_id":0,"footnotes":""},"class_list":["post-13067","page","type-page","status-publish","hentry"],"aioseo_notices":[],"campaignId":"","_links":{"self":[{"href":"https:\/\/armenianchurch.ca\/fr\/wp-json\/wp\/v2\/pages\/13067","targetHints":{"allow":["GET"]}}],"collection":[{"href":"https:\/\/armenianchurch.ca\/fr\/wp-json\/wp\/v2\/pages"}],"about":[{"href":"https:\/\/armenianchurch.ca\/fr\/wp-json\/wp\/v2\/types\/page"}],"author":[{"embeddable":true,"href":"https:\/\/armenianchurch.ca\/fr\/wp-json\/wp\/v2\/users\/4"}],"replies":[{"embeddable":true,"href":"https:\/\/armenianchurch.ca\/fr\/wp-json\/wp\/v2\/comments?post=13067"}],"version-history":[{"count":4,"href":"https:\/\/armenianchurch.ca\/fr\/wp-json\/wp\/v2\/pages\/13067\/revisions"}],"predecessor-version":[{"id":21809,"href":"https:\/\/armenianchurch.ca\/fr\/wp-json\/wp\/v2\/pages\/13067\/revisions\/21809"}],"wp:attachment":[{"href":"https:\/\/armenianchurch.ca\/fr\/wp-json\/wp\/v2\/media?parent=13067"}],"curies":[{"name":"wp","href":"https:\/\/api.w.org\/{rel}","templated":true}]}}